{"id":2413,"date":"2026-05-12T13:58:24","date_gmt":"2026-05-12T13:58:24","guid":{"rendered":"https:\/\/solumdrinks.com\/?post_type=product&#038;p=2413"},"modified":"2026-05-12T14:20:38","modified_gmt":"2026-05-12T14:20:38","slug":"test-producto-1","status":"publish","type":"product","link":"https:\/\/solumdrinks.com\/en\/product\/test-producto-1\/","title":{"rendered":"test producto 1"},"content":{"rendered":"<p>test<\/p>","protected":false},"excerpt":{"rendered":"<p>test<\/p>","protected":false},"featured_media":2189,"comment_status":"open","ping_status":"closed","template":"","meta":{"om_disable_all_campaigns":false,"_monsterinsights_skip_tracking":false,"_monsterinsights_sitenote_active":false,"_monsterinsights_sitenote_note":"","_monsterinsights_sitenote_category":0,"_joinchat":[]},"product_brand":[],"product_cat":[32],"product_tag":[],"class_list":{"0":"post-2413","1":"product","2":"type-product","3":"status-publish","4":"has-post-thumbnail","6":"product_cat-soda-de-cascara-de-cafe","8":"first","9":"instock","10":"shipping-taxable","11":"purchasable","12":"product-type-simple"},"yoast_head":"<!-- This site is optimized with the Yoast SEO plugin v27.5 - https:\/\/yoast.com\/product\/yoast-seo-wordpress\/ -->\n<title>test producto 1 - Solum<\/title>\n<meta name=\"robots\" content=\"index, follow, max-snippet:-1, max-image-preview:large, max-video-preview:-1\" \/>\n<link rel=\"canonical\" href=\"https:\/\/solumdrinks.com\/en\/product\/test-producto-1\/\" \/>\n<meta property=\"og:locale\" content=\"en_US\" \/>\n<meta property=\"og:type\" content=\"article\" \/>\n<meta property=\"og:title\" content=\"test producto 1 - Solum\" \/>\n<meta property=\"og:description\" content=\"test\" \/>\n<meta property=\"og:url\" content=\"https:\/\/solumdrinks.com\/en\/product\/test-producto-1\/\" \/>\n<meta property=\"og:site_name\" content=\"Solum\" \/>\n<meta property=\"article:modified_time\" content=\"2026-05-12T14:20:38+00:00\" \/>\n<meta property=\"og:image\" content=\"https:\/\/solumdrinks.com\/wp-content\/uploads\/2020\/04\/favicon-solum.png\" \/>\n\t<meta property=\"og:image:width\" content=\"128\" \/>\n\t<meta property=\"og:image:height\" content=\"128\" \/>\n\t<meta property=\"og:image:type\" content=\"image\/png\" \/>\n<meta name=\"twitter:card\" content=\"summary_large_image\" \/>\n<meta name=\"twitter:label1\" content=\"Est. reading time\" \/>\n\t<meta name=\"twitter:data1\" content=\"1 minute\" \/>\n<script type=\"application\/ld+json\" class=\"yoast-schema-graph\">{\"@context\":\"https:\\\/\\\/schema.org\",\"@graph\":[{\"@type\":\"WebPage\",\"@id\":\"https:\\\/\\\/solumdrinks.com\\\/producto\\\/test-producto-1\\\/\",\"url\":\"https:\\\/\\\/solumdrinks.com\\\/producto\\\/test-producto-1\\\/\",\"name\":\"test producto 1 - Solum\",\"isPartOf\":{\"@id\":\"https:\\\/\\\/solumdrinks.com\\\/#website\"},\"primaryImageOfPage\":{\"@id\":\"https:\\\/\\\/solumdrinks.com\\\/producto\\\/test-producto-1\\\/#primaryimage\"},\"image\":{\"@id\":\"https:\\\/\\\/solumdrinks.com\\\/producto\\\/test-producto-1\\\/#primaryimage\"},\"thumbnailUrl\":\"https:\\\/\\\/solumdrinks.com\\\/wp-content\\\/uploads\\\/2026\\\/03\\\/icono-de-carga2.svg\",\"datePublished\":\"2026-05-12T13:58:24+00:00\",\"dateModified\":\"2026-05-12T14:20:38+00:00\",\"breadcrumb\":{\"@id\":\"https:\\\/\\\/solumdrinks.com\\\/producto\\\/test-producto-1\\\/#breadcrumb\"},\"inLanguage\":\"en-US\",\"potentialAction\":[{\"@type\":\"ReadAction\",\"target\":[\"https:\\\/\\\/solumdrinks.com\\\/producto\\\/test-producto-1\\\/\"]}]},{\"@type\":\"ImageObject\",\"inLanguage\":\"en-US\",\"@id\":\"https:\\\/\\\/solumdrinks.com\\\/producto\\\/test-producto-1\\\/#primaryimage\",\"url\":\"https:\\\/\\\/solumdrinks.com\\\/wp-content\\\/uploads\\\/2026\\\/03\\\/icono-de-carga2.svg\",\"contentUrl\":\"https:\\\/\\\/solumdrinks.com\\\/wp-content\\\/uploads\\\/2026\\\/03\\\/icono-de-carga2.svg\",\"width\":261,\"height\":959},{\"@type\":\"BreadcrumbList\",\"@id\":\"https:\\\/\\\/solumdrinks.com\\\/producto\\\/test-producto-1\\\/#breadcrumb\",\"itemListElement\":[{\"@type\":\"ListItem\",\"position\":1,\"name\":\"Home\",\"item\":\"https:\\\/\\\/solumdrinks.com\\\/\"},{\"@type\":\"ListItem\",\"position\":2,\"name\":\"Tienda\",\"item\":\"https:\\\/\\\/solumdrinks.com\\\/tienda\\\/\"},{\"@type\":\"ListItem\",\"position\":3,\"name\":\"test producto 1\"}]},{\"@type\":\"WebSite\",\"@id\":\"https:\\\/\\\/solumdrinks.com\\\/#website\",\"url\":\"https:\\\/\\\/solumdrinks.com\\\/\",\"name\":\"Solum\",\"description\":\"Sabor aut\u00e9ntico de c\u00e1scara de caf\u00e9 Antioxidantes + cafe\u00edna natural Upcycling &#x1f504; Sin complicaciones, solo lo mejor de la naturaleza en tu vaso.\",\"publisher\":{\"@id\":\"https:\\\/\\\/solumdrinks.com\\\/#organization\"},\"potentialAction\":[{\"@type\":\"SearchAction\",\"target\":{\"@type\":\"EntryPoint\",\"urlTemplate\":\"https:\\\/\\\/solumdrinks.com\\\/?s={search_term_string}\"},\"query-input\":{\"@type\":\"PropertyValueSpecification\",\"valueRequired\":true,\"valueName\":\"search_term_string\"}}],\"inLanguage\":\"en-US\"},{\"@type\":\"Organization\",\"@id\":\"https:\\\/\\\/solumdrinks.com\\\/#organization\",\"name\":\"Solum\",\"url\":\"https:\\\/\\\/solumdrinks.com\\\/\",\"logo\":{\"@type\":\"ImageObject\",\"inLanguage\":\"en-US\",\"@id\":\"https:\\\/\\\/solumdrinks.com\\\/#\\\/schema\\\/logo\\\/image\\\/\",\"url\":\"https:\\\/\\\/solumdrinks.com\\\/wp-content\\\/uploads\\\/2024\\\/04\\\/cropped-logogrande.png\",\"contentUrl\":\"https:\\\/\\\/solumdrinks.com\\\/wp-content\\\/uploads\\\/2024\\\/04\\\/cropped-logogrande.png\",\"width\":485,\"height\":88,\"caption\":\"Solum\"},\"image\":{\"@id\":\"https:\\\/\\\/solumdrinks.com\\\/#\\\/schema\\\/logo\\\/image\\\/\"}}]}<\/script>\n<!-- \/ Yoast SEO plugin. -->","yoast_head_json":{"title":"test producto 1 - Solum","robots":{"index":"index","follow":"follow","max-snippet":"max-snippet:-1","max-image-preview":"max-image-preview:large","max-video-preview":"max-video-preview:-1"},"canonical":"https:\/\/solumdrinks.com\/en\/product\/test-producto-1\/","og_locale":"en_US","og_type":"article","og_title":"test producto 1 - Solum","og_description":"test","og_url":"https:\/\/solumdrinks.com\/en\/product\/test-producto-1\/","og_site_name":"Solum","article_modified_time":"2026-05-12T14:20:38+00:00","og_image":[{"width":128,"height":128,"url":"https:\/\/solumdrinks.com\/wp-content\/uploads\/2020\/04\/favicon-solum.png","type":"image\/png"}],"twitter_card":"summary_large_image","twitter_misc":{"Est. reading time":"1 minute"},"schema":{"@context":"https:\/\/schema.org","@graph":[{"@type":"WebPage","@id":"https:\/\/solumdrinks.com\/producto\/test-producto-1\/","url":"https:\/\/solumdrinks.com\/producto\/test-producto-1\/","name":"test producto 1 - Solum","isPartOf":{"@id":"https:\/\/solumdrinks.com\/#website"},"primaryImageOfPage":{"@id":"https:\/\/solumdrinks.com\/producto\/test-producto-1\/#primaryimage"},"image":{"@id":"https:\/\/solumdrinks.com\/producto\/test-producto-1\/#primaryimage"},"thumbnailUrl":"https:\/\/solumdrinks.com\/wp-content\/uploads\/2026\/03\/icono-de-carga2.svg","datePublished":"2026-05-12T13:58:24+00:00","dateModified":"2026-05-12T14:20:38+00:00","breadcrumb":{"@id":"https:\/\/solumdrinks.com\/producto\/test-producto-1\/#breadcrumb"},"inLanguage":"en-US","potentialAction":[{"@type":"ReadAction","target":["https:\/\/solumdrinks.com\/producto\/test-producto-1\/"]}]},{"@type":"ImageObject","inLanguage":"en-US","@id":"https:\/\/solumdrinks.com\/producto\/test-producto-1\/#primaryimage","url":"https:\/\/solumdrinks.com\/wp-content\/uploads\/2026\/03\/icono-de-carga2.svg","contentUrl":"https:\/\/solumdrinks.com\/wp-content\/uploads\/2026\/03\/icono-de-carga2.svg","width":261,"height":959},{"@type":"BreadcrumbList","@id":"https:\/\/solumdrinks.com\/producto\/test-producto-1\/#breadcrumb","itemListElement":[{"@type":"ListItem","position":1,"name":"Home","item":"https:\/\/solumdrinks.com\/"},{"@type":"ListItem","position":2,"name":"Tienda","item":"https:\/\/solumdrinks.com\/tienda\/"},{"@type":"ListItem","position":3,"name":"test producto 1"}]},{"@type":"WebSite","@id":"https:\/\/solumdrinks.com\/#website","url":"https:\/\/solumdrinks.com\/","name":"Solum","description":"Sabor aut\u00e9ntico de c\u00e1scara de caf\u00e9 Antioxidantes + cafe\u00edna natural Upcycling &#x1f504; Sin complicaciones, solo lo mejor de la naturaleza en tu vaso.","publisher":{"@id":"https:\/\/solumdrinks.com\/#organization"},"potentialAction":[{"@type":"SearchAction","target":{"@type":"EntryPoint","urlTemplate":"https:\/\/solumdrinks.com\/?s={search_term_string}"},"query-input":{"@type":"PropertyValueSpecification","valueRequired":true,"valueName":"search_term_string"}}],"inLanguage":"en-US"},{"@type":"Organization","@id":"https:\/\/solumdrinks.com\/#organization","name":"Solum","url":"https:\/\/solumdrinks.com\/","logo":{"@type":"ImageObject","inLanguage":"en-US","@id":"https:\/\/solumdrinks.com\/#\/schema\/logo\/image\/","url":"https:\/\/solumdrinks.com\/wp-content\/uploads\/2024\/04\/cropped-logogrande.png","contentUrl":"https:\/\/solumdrinks.com\/wp-content\/uploads\/2024\/04\/cropped-logogrande.png","width":485,"height":88,"caption":"Solum"},"image":{"@id":"https:\/\/solumdrinks.com\/#\/schema\/logo\/image\/"}}]}},"_links":{"self":[{"href":"https:\/\/solumdrinks.com\/en\/wp-json\/wp\/v2\/product\/2413","targetHints":{"allow":["GET"]}}],"collection":[{"href":"https:\/\/solumdrinks.com\/en\/wp-json\/wp\/v2\/product"}],"about":[{"href":"https:\/\/solumdrinks.com\/en\/wp-json\/wp\/v2\/types\/product"}],"replies":[{"embeddable":true,"href":"https:\/\/solumdrinks.com\/en\/wp-json\/wp\/v2\/comments?post=2413"}],"wp:featuredmedia":[{"embeddable":true,"href":"https:\/\/solumdrinks.com\/en\/wp-json\/wp\/v2\/media\/2189"}],"wp:attachment":[{"href":"https:\/\/solumdrinks.com\/en\/wp-json\/wp\/v2\/media?parent=2413"}],"wp:term":[{"taxonomy":"product_brand","embeddable":true,"href":"https:\/\/solumdrinks.com\/en\/wp-json\/wp\/v2\/product_brand?post=2413"},{"taxonomy":"product_cat","embeddable":true,"href":"https:\/\/solumdrinks.com\/en\/wp-json\/wp\/v2\/product_cat?post=2413"},{"taxonomy":"product_tag","embeddable":true,"href":"https:\/\/solumdrinks.com\/en\/wp-json\/wp\/v2\/product_tag?post=2413"}],"curies":[{"name":"wp","href":"https:\/\/api.w.org\/{rel}","templated":true}]}}