{"id":1889,"date":"2026-02-21T00:07:12","date_gmt":"2026-02-21T00:07:12","guid":{"rendered":"https:\/\/solumdrinks.com\/?post_type=product&#038;p=1889"},"modified":"2026-05-12T14:54:17","modified_gmt":"2026-05-12T14:54:17","slug":"caja-x-24-solum-surtido","status":"publish","type":"product","link":"https:\/\/solumdrinks.com\/en\/product\/caja-x-24-solum-surtido\/","title":{"rendered":"Box of 24 \u2013 Solum Mixed"},"content":{"rendered":"<p data-start=\"253\" data-end=\"355\">The\u00a0<strong data-start=\"256\" data-end=\"280\">24 Pack Solum Surtido<\/strong>\u00a0includes a selection of our three flavors in individual packaging:<\/p>\n<ul data-start=\"357\" data-end=\"452\">\n<li data-start=\"357\" data-end=\"383\">\n<p data-start=\"359\" data-end=\"383\">8 cans <strong data-start=\"367\" data-end=\"381\">of La Cl\u00e1sica<\/strong><\/p>\n<\/li>\n<li data-start=\"384\" data-end=\"421\">\n<p data-start=\"386\" data-end=\"421\">8 cans <strong data-start=\"394\" data-end=\"419\">The Classic Sugar-Free<\/strong><\/p>\n<\/li>\n<li data-start=\"422\" data-end=\"452\">\n<p data-start=\"424\" data-end=\"452\">8 cans <strong data-start=\"432\" data-end=\"452\">Ginger &amp; Lemon<\/strong><\/p>\n<p>&nbsp;<\/li>\n<\/ul>\n<p data-start=\"923\" data-end=\"1058\"><strong data-start=\"923\" data-end=\"938\">Crafting<\/strong><br data-start=\"938\" data-end=\"941\" \/>We craft our sodas using a natural extraction process via coffee cascara infusion, where we also incorporate the remaining ingredients to achieve a balanced and authentic profile.<\/p>\n<p>Then, the product is carbonated like a natural soda, delivering a light and refreshing sensation. We use no concentrates, artificial colors, or flavor enhancers: all of its character comes directly from natural ingredients.<\/p>","protected":false},"excerpt":{"rendered":"<p>El\u00a024 Pack Solum Surtido\u00a0incluye una selecci\u00f3n de nuestros tres sabores en presentaci\u00f3n individual: 8 latas La Cl\u00e1sica 8 latas La Cl\u00e1sica sin az\u00facar 8 latas Jengibre &amp; Lim\u00f3n &nbsp; Elaboraci\u00f3nElaboramos nuestras sodas a partir de una extracci\u00f3n natural por infusi\u00f3n de c\u00e1scara de caf\u00e9, donde tambi\u00e9n incorporamos los dem\u00e1s ingredientes para lograr un perfil equilibrado [&hellip;]<\/p>\n","protected":false},"featured_media":1919,"comment_status":"open","ping_status":"closed","template":"","meta":{"om_disable_all_campaigns":false,"_monsterinsights_skip_tracking":false,"_monsterinsights_sitenote_active":false,"_monsterinsights_sitenote_note":"","_monsterinsights_sitenote_category":0,"_joinchat":[]},"product_brand":[],"product_cat":[32],"product_tag":[],"class_list":{"0":"post-1889","1":"product","2":"type-product","3":"status-publish","4":"has-post-thumbnail","6":"product_cat-soda-de-cascara-de-cafe","8":"first","9":"outofstock","10":"shipping-taxable","11":"purchasable","12":"product-type-simple"},"yoast_head":"<!-- This site is optimized with the Yoast SEO plugin v27.5 - https:\/\/yoast.com\/product\/yoast-seo-wordpress\/ -->\n<title>Caja x 24 - Solum Surtido - Solum<\/title>\n<meta name=\"robots\" content=\"index, follow, max-snippet:-1, max-image-preview:large, max-video-preview:-1\" \/>\n<link rel=\"canonical\" href=\"https:\/\/solumdrinks.com\/en\/product\/caja-x-24-solum-surtido\/\" \/>\n<meta property=\"og:locale\" content=\"en_US\" \/>\n<meta property=\"og:type\" content=\"article\" \/>\n<meta property=\"og:title\" content=\"Caja x 24 - Solum Surtido - Solum\" \/>\n<meta property=\"og:description\" content=\"El\u00a024 Pack Solum Surtido\u00a0incluye una selecci\u00f3n de nuestros tres sabores en presentaci\u00f3n individual: 8 latas La Cl\u00e1sica 8 latas La Cl\u00e1sica sin az\u00facar 8 latas Jengibre &amp; Lim\u00f3n &nbsp; Elaboraci\u00f3nElaboramos nuestras sodas a partir de una extracci\u00f3n natural por infusi\u00f3n de c\u00e1scara de caf\u00e9, donde tambi\u00e9n incorporamos los dem\u00e1s ingredientes para lograr un perfil equilibrado [&hellip;]\" \/>\n<meta property=\"og:url\" content=\"https:\/\/solumdrinks.com\/en\/product\/caja-x-24-solum-surtido\/\" \/>\n<meta property=\"og:site_name\" content=\"Solum\" \/>\n<meta property=\"article:modified_time\" content=\"2026-05-12T14:54:17+00:00\" \/>\n<meta property=\"og:image\" content=\"https:\/\/solumdrinks.com\/wp-content\/uploads\/2026\/02\/Caja-x-24-Solum-Surtido-2.jpg\" \/>\n\t<meta property=\"og:image:width\" content=\"547\" \/>\n\t<meta property=\"og:image:height\" content=\"742\" \/>\n\t<meta property=\"og:image:type\" content=\"image\/jpeg\" \/>\n<meta name=\"twitter:card\" content=\"summary_large_image\" \/>\n<meta name=\"twitter:label1\" content=\"Est. reading time\" \/>\n\t<meta name=\"twitter:data1\" content=\"1 minute\" \/>\n<script type=\"application\/ld+json\" class=\"yoast-schema-graph\">{\"@context\":\"https:\\\/\\\/schema.org\",\"@graph\":[{\"@type\":\"WebPage\",\"@id\":\"https:\\\/\\\/solumdrinks.com\\\/producto\\\/caja-x-24-solum-surtido\\\/\",\"url\":\"https:\\\/\\\/solumdrinks.com\\\/producto\\\/caja-x-24-solum-surtido\\\/\",\"name\":\"Caja x 24 - Solum Surtido - Solum\",\"isPartOf\":{\"@id\":\"https:\\\/\\\/solumdrinks.com\\\/#website\"},\"primaryImageOfPage\":{\"@id\":\"https:\\\/\\\/solumdrinks.com\\\/producto\\\/caja-x-24-solum-surtido\\\/#primaryimage\"},\"image\":{\"@id\":\"https:\\\/\\\/solumdrinks.com\\\/producto\\\/caja-x-24-solum-surtido\\\/#primaryimage\"},\"thumbnailUrl\":\"https:\\\/\\\/solumdrinks.com\\\/wp-content\\\/uploads\\\/2026\\\/02\\\/Caja-x-24-Solum-Surtido-2.jpg\",\"datePublished\":\"2026-02-21T00:07:12+00:00\",\"dateModified\":\"2026-05-12T14:54:17+00:00\",\"breadcrumb\":{\"@id\":\"https:\\\/\\\/solumdrinks.com\\\/producto\\\/caja-x-24-solum-surtido\\\/#breadcrumb\"},\"inLanguage\":\"en-US\",\"potentialAction\":[{\"@type\":\"ReadAction\",\"target\":[\"https:\\\/\\\/solumdrinks.com\\\/producto\\\/caja-x-24-solum-surtido\\\/\"]}]},{\"@type\":\"ImageObject\",\"inLanguage\":\"en-US\",\"@id\":\"https:\\\/\\\/solumdrinks.com\\\/producto\\\/caja-x-24-solum-surtido\\\/#primaryimage\",\"url\":\"https:\\\/\\\/solumdrinks.com\\\/wp-content\\\/uploads\\\/2026\\\/02\\\/Caja-x-24-Solum-Surtido-2.jpg\",\"contentUrl\":\"https:\\\/\\\/solumdrinks.com\\\/wp-content\\\/uploads\\\/2026\\\/02\\\/Caja-x-24-Solum-Surtido-2.jpg\",\"width\":547,\"height\":742},{\"@type\":\"BreadcrumbList\",\"@id\":\"https:\\\/\\\/solumdrinks.com\\\/producto\\\/caja-x-24-solum-surtido\\\/#breadcrumb\",\"itemListElement\":[{\"@type\":\"ListItem\",\"position\":1,\"name\":\"Home\",\"item\":\"https:\\\/\\\/solumdrinks.com\\\/\"},{\"@type\":\"ListItem\",\"position\":2,\"name\":\"Tienda\",\"item\":\"https:\\\/\\\/solumdrinks.com\\\/tienda\\\/\"},{\"@type\":\"ListItem\",\"position\":3,\"name\":\"Caja x 24 &#8211; Solum Surtido\"}]},{\"@type\":\"WebSite\",\"@id\":\"https:\\\/\\\/solumdrinks.com\\\/#website\",\"url\":\"https:\\\/\\\/solumdrinks.com\\\/\",\"name\":\"Solum\",\"description\":\"Sabor aut\u00e9ntico de c\u00e1scara de caf\u00e9 Antioxidantes + cafe\u00edna natural Upcycling &#x1f504; Sin complicaciones, solo lo mejor de la naturaleza en tu vaso.\",\"publisher\":{\"@id\":\"https:\\\/\\\/solumdrinks.com\\\/#organization\"},\"potentialAction\":[{\"@type\":\"SearchAction\",\"target\":{\"@type\":\"EntryPoint\",\"urlTemplate\":\"https:\\\/\\\/solumdrinks.com\\\/?s={search_term_string}\"},\"query-input\":{\"@type\":\"PropertyValueSpecification\",\"valueRequired\":true,\"valueName\":\"search_term_string\"}}],\"inLanguage\":\"en-US\"},{\"@type\":\"Organization\",\"@id\":\"https:\\\/\\\/solumdrinks.com\\\/#organization\",\"name\":\"Solum\",\"url\":\"https:\\\/\\\/solumdrinks.com\\\/\",\"logo\":{\"@type\":\"ImageObject\",\"inLanguage\":\"en-US\",\"@id\":\"https:\\\/\\\/solumdrinks.com\\\/#\\\/schema\\\/logo\\\/image\\\/\",\"url\":\"https:\\\/\\\/solumdrinks.com\\\/wp-content\\\/uploads\\\/2024\\\/04\\\/cropped-logogrande.png\",\"contentUrl\":\"https:\\\/\\\/solumdrinks.com\\\/wp-content\\\/uploads\\\/2024\\\/04\\\/cropped-logogrande.png\",\"width\":485,\"height\":88,\"caption\":\"Solum\"},\"image\":{\"@id\":\"https:\\\/\\\/solumdrinks.com\\\/#\\\/schema\\\/logo\\\/image\\\/\"}}]}<\/script>\n<!-- \/ Yoast SEO plugin. -->","yoast_head_json":{"title":"Caja x 24 - Solum Surtido - Solum","robots":{"index":"index","follow":"follow","max-snippet":"max-snippet:-1","max-image-preview":"max-image-preview:large","max-video-preview":"max-video-preview:-1"},"canonical":"https:\/\/solumdrinks.com\/en\/product\/caja-x-24-solum-surtido\/","og_locale":"en_US","og_type":"article","og_title":"Caja x 24 - Solum Surtido - Solum","og_description":"El\u00a024 Pack Solum Surtido\u00a0incluye una selecci\u00f3n de nuestros tres sabores en presentaci\u00f3n individual: 8 latas La Cl\u00e1sica 8 latas La Cl\u00e1sica sin az\u00facar 8 latas Jengibre &amp; Lim\u00f3n &nbsp; Elaboraci\u00f3nElaboramos nuestras sodas a partir de una extracci\u00f3n natural por infusi\u00f3n de c\u00e1scara de caf\u00e9, donde tambi\u00e9n incorporamos los dem\u00e1s ingredientes para lograr un perfil equilibrado [&hellip;]","og_url":"https:\/\/solumdrinks.com\/en\/product\/caja-x-24-solum-surtido\/","og_site_name":"Solum","article_modified_time":"2026-05-12T14:54:17+00:00","og_image":[{"width":547,"height":742,"url":"https:\/\/solumdrinks.com\/wp-content\/uploads\/2026\/02\/Caja-x-24-Solum-Surtido-2.jpg","type":"image\/jpeg"}],"twitter_card":"summary_large_image","twitter_misc":{"Est. reading time":"1 minute"},"schema":{"@context":"https:\/\/schema.org","@graph":[{"@type":"WebPage","@id":"https:\/\/solumdrinks.com\/producto\/caja-x-24-solum-surtido\/","url":"https:\/\/solumdrinks.com\/producto\/caja-x-24-solum-surtido\/","name":"Caja x 24 - Solum Surtido - Solum","isPartOf":{"@id":"https:\/\/solumdrinks.com\/#website"},"primaryImageOfPage":{"@id":"https:\/\/solumdrinks.com\/producto\/caja-x-24-solum-surtido\/#primaryimage"},"image":{"@id":"https:\/\/solumdrinks.com\/producto\/caja-x-24-solum-surtido\/#primaryimage"},"thumbnailUrl":"https:\/\/solumdrinks.com\/wp-content\/uploads\/2026\/02\/Caja-x-24-Solum-Surtido-2.jpg","datePublished":"2026-02-21T00:07:12+00:00","dateModified":"2026-05-12T14:54:17+00:00","breadcrumb":{"@id":"https:\/\/solumdrinks.com\/producto\/caja-x-24-solum-surtido\/#breadcrumb"},"inLanguage":"en-US","potentialAction":[{"@type":"ReadAction","target":["https:\/\/solumdrinks.com\/producto\/caja-x-24-solum-surtido\/"]}]},{"@type":"ImageObject","inLanguage":"en-US","@id":"https:\/\/solumdrinks.com\/producto\/caja-x-24-solum-surtido\/#primaryimage","url":"https:\/\/solumdrinks.com\/wp-content\/uploads\/2026\/02\/Caja-x-24-Solum-Surtido-2.jpg","contentUrl":"https:\/\/solumdrinks.com\/wp-content\/uploads\/2026\/02\/Caja-x-24-Solum-Surtido-2.jpg","width":547,"height":742},{"@type":"BreadcrumbList","@id":"https:\/\/solumdrinks.com\/producto\/caja-x-24-solum-surtido\/#breadcrumb","itemListElement":[{"@type":"ListItem","position":1,"name":"Home","item":"https:\/\/solumdrinks.com\/"},{"@type":"ListItem","position":2,"name":"Tienda","item":"https:\/\/solumdrinks.com\/tienda\/"},{"@type":"ListItem","position":3,"name":"Caja x 24 &#8211; Solum Surtido"}]},{"@type":"WebSite","@id":"https:\/\/solumdrinks.com\/#website","url":"https:\/\/solumdrinks.com\/","name":"Solum","description":"Sabor aut\u00e9ntico de c\u00e1scara de caf\u00e9 Antioxidantes + cafe\u00edna natural Upcycling &#x1f504; Sin complicaciones, solo lo mejor de la naturaleza en tu vaso.","publisher":{"@id":"https:\/\/solumdrinks.com\/#organization"},"potentialAction":[{"@type":"SearchAction","target":{"@type":"EntryPoint","urlTemplate":"https:\/\/solumdrinks.com\/?s={search_term_string}"},"query-input":{"@type":"PropertyValueSpecification","valueRequired":true,"valueName":"search_term_string"}}],"inLanguage":"en-US"},{"@type":"Organization","@id":"https:\/\/solumdrinks.com\/#organization","name":"Solum","url":"https:\/\/solumdrinks.com\/","logo":{"@type":"ImageObject","inLanguage":"en-US","@id":"https:\/\/solumdrinks.com\/#\/schema\/logo\/image\/","url":"https:\/\/solumdrinks.com\/wp-content\/uploads\/2024\/04\/cropped-logogrande.png","contentUrl":"https:\/\/solumdrinks.com\/wp-content\/uploads\/2024\/04\/cropped-logogrande.png","width":485,"height":88,"caption":"Solum"},"image":{"@id":"https:\/\/solumdrinks.com\/#\/schema\/logo\/image\/"}}]}},"_links":{"self":[{"href":"https:\/\/solumdrinks.com\/en\/wp-json\/wp\/v2\/product\/1889","targetHints":{"allow":["GET"]}}],"collection":[{"href":"https:\/\/solumdrinks.com\/en\/wp-json\/wp\/v2\/product"}],"about":[{"href":"https:\/\/solumdrinks.com\/en\/wp-json\/wp\/v2\/types\/product"}],"replies":[{"embeddable":true,"href":"https:\/\/solumdrinks.com\/en\/wp-json\/wp\/v2\/comments?post=1889"}],"wp:featuredmedia":[{"embeddable":true,"href":"https:\/\/solumdrinks.com\/en\/wp-json\/wp\/v2\/media\/1919"}],"wp:attachment":[{"href":"https:\/\/solumdrinks.com\/en\/wp-json\/wp\/v2\/media?parent=1889"}],"wp:term":[{"taxonomy":"product_brand","embeddable":true,"href":"https:\/\/solumdrinks.com\/en\/wp-json\/wp\/v2\/product_brand?post=1889"},{"taxonomy":"product_cat","embeddable":true,"href":"https:\/\/solumdrinks.com\/en\/wp-json\/wp\/v2\/product_cat?post=1889"},{"taxonomy":"product_tag","embeddable":true,"href":"https:\/\/solumdrinks.com\/en\/wp-json\/wp\/v2\/product_tag?post=1889"}],"curies":[{"name":"wp","href":"https:\/\/api.w.org\/{rel}","templated":true}]}}