{"id":1885,"date":"2026-02-21T00:02:43","date_gmt":"2026-02-21T00:02:43","guid":{"rendered":"https:\/\/solumdrinks.com\/?post_type=product&#038;p=1885"},"modified":"2026-04-06T02:03:03","modified_gmt":"2026-04-06T02:03:03","slug":"caja-x-24-la-clasica-sin-azucar","status":"publish","type":"product","link":"https:\/\/solumdrinks.com\/en\/product\/caja-x-24-la-clasica-sin-azucar\/","title":{"rendered":"Caja x 24 &#8211;  La Cl\u00e1sica Sin Az\u00facar"},"content":{"rendered":"<p data-start=\"923\" data-end=\"1058\"><strong data-start=\"923\" data-end=\"938\">Elaboraci\u00f3n<\/strong><br data-start=\"938\" data-end=\"941\" \/>Infusi\u00f3n natural de c\u00e1scara de caf\u00e9 org\u00e1nica en agua. Los dem\u00e1s ingredientes se incorporan mediante el mismo proceso.<\/p>\n<p data-start=\"1060\" data-end=\"1199\"><strong data-start=\"1060\" data-end=\"1076\">Ingredients<\/strong><br data-start=\"1076\" data-end=\"1079\" \/>Agua carbonatada, C\u00e1scara de caf\u00e9 org\u00e1nica, Flor de Jamaica org\u00e1nica, fruto del monje, \u00c1cido c\u00edtrico, Benzoato de sodio<\/p>\n<p data-start=\"1201\" data-end=\"1284\"><strong data-start=\"1201\" data-end=\"1228\">Perfil de aroma y sabor<\/strong><br data-start=\"1228\" data-end=\"1231\" \/>Floral \u2013 frutal (tamarindo)<br data-start=\"1258\" data-end=\"1261\" \/>Frutas rojas<br data-start=\"1273\" data-end=\"1276\" \/>Tropical<\/p>","protected":false},"excerpt":{"rendered":"<p>Elaboraci\u00f3nInfusi\u00f3n natural de c\u00e1scara de caf\u00e9 org\u00e1nica en agua. Los dem\u00e1s ingredientes se incorporan mediante el mismo proceso. IngredientesAgua carbonatada, C\u00e1scara de caf\u00e9 org\u00e1nica, Flor de Jamaica org\u00e1nica, fruto del monje, \u00c1cido c\u00edtrico, Benzoato de sodio Perfil de aroma y saborFloral \u2013 frutal (tamarindo)Frutas rojasTropical<\/p>","protected":false},"featured_media":1917,"comment_status":"open","ping_status":"closed","template":"","meta":{"om_disable_all_campaigns":false,"_monsterinsights_skip_tracking":false,"_monsterinsights_sitenote_active":false,"_monsterinsights_sitenote_note":"","_monsterinsights_sitenote_category":0,"_joinchat":[]},"product_brand":[],"product_cat":[32],"product_tag":[],"class_list":{"0":"post-1885","1":"product","2":"type-product","3":"status-publish","4":"has-post-thumbnail","6":"product_cat-soda-de-cascara-de-cafe","8":"first","9":"instock","10":"shipping-taxable","11":"purchasable","12":"product-type-simple"},"yoast_head":"<!-- This site is optimized with the Yoast SEO plugin v27.3 - https:\/\/yoast.com\/product\/yoast-seo-wordpress\/ -->\n<title>Caja x 24 - La Cl\u00e1sica Sin Az\u00facar - Solum<\/title>\n<meta name=\"robots\" content=\"index, follow, max-snippet:-1, max-image-preview:large, max-video-preview:-1\" \/>\n<link rel=\"canonical\" href=\"https:\/\/solumdrinks.com\/en\/product\/caja-x-24-la-clasica-sin-azucar\/\" \/>\n<meta property=\"og:locale\" content=\"en_US\" \/>\n<meta property=\"og:type\" content=\"article\" \/>\n<meta property=\"og:title\" content=\"Caja x 24 - La Cl\u00e1sica Sin Az\u00facar - Solum\" \/>\n<meta property=\"og:description\" content=\"Elaboraci\u00f3nInfusi\u00f3n natural de c\u00e1scara de caf\u00e9 org\u00e1nica en agua. Los dem\u00e1s ingredientes se incorporan mediante el mismo proceso. IngredientesAgua carbonatada, C\u00e1scara de caf\u00e9 org\u00e1nica, Flor de Jamaica org\u00e1nica, fruto del monje, \u00c1cido c\u00edtrico, Benzoato de sodio Perfil de aroma y saborFloral \u2013 frutal (tamarindo)Frutas rojasTropical\" \/>\n<meta property=\"og:url\" content=\"https:\/\/solumdrinks.com\/en\/product\/caja-x-24-la-clasica-sin-azucar\/\" \/>\n<meta property=\"og:site_name\" content=\"Solum\" \/>\n<meta property=\"article:modified_time\" content=\"2026-04-06T02:03:03+00:00\" \/>\n<meta property=\"og:image\" content=\"https:\/\/solumdrinks.com\/wp-content\/uploads\/2026\/02\/Caja-x-24-La-clasica-sin-azucar-2.jpg\" \/>\n\t<meta property=\"og:image:width\" content=\"554\" \/>\n\t<meta property=\"og:image:height\" content=\"742\" \/>\n\t<meta property=\"og:image:type\" content=\"image\/jpeg\" \/>\n<meta name=\"twitter:card\" content=\"summary_large_image\" \/>\n<meta name=\"twitter:label1\" content=\"Est. reading time\" \/>\n\t<meta name=\"twitter:data1\" content=\"1 minute\" \/>\n<script type=\"application\/ld+json\" class=\"yoast-schema-graph\">{\"@context\":\"https:\\\/\\\/schema.org\",\"@graph\":[{\"@type\":\"WebPage\",\"@id\":\"https:\\\/\\\/solumdrinks.com\\\/producto\\\/caja-x-24-la-clasica-sin-azucar\\\/\",\"url\":\"https:\\\/\\\/solumdrinks.com\\\/producto\\\/caja-x-24-la-clasica-sin-azucar\\\/\",\"name\":\"Caja x 24 - La Cl\u00e1sica Sin Az\u00facar - Solum\",\"isPartOf\":{\"@id\":\"https:\\\/\\\/solumdrinks.com\\\/#website\"},\"primaryImageOfPage\":{\"@id\":\"https:\\\/\\\/solumdrinks.com\\\/producto\\\/caja-x-24-la-clasica-sin-azucar\\\/#primaryimage\"},\"image\":{\"@id\":\"https:\\\/\\\/solumdrinks.com\\\/producto\\\/caja-x-24-la-clasica-sin-azucar\\\/#primaryimage\"},\"thumbnailUrl\":\"https:\\\/\\\/solumdrinks.com\\\/wp-content\\\/uploads\\\/2026\\\/02\\\/Caja-x-24-La-clasica-sin-azucar-2.jpg\",\"datePublished\":\"2026-02-21T00:02:43+00:00\",\"dateModified\":\"2026-04-06T02:03:03+00:00\",\"breadcrumb\":{\"@id\":\"https:\\\/\\\/solumdrinks.com\\\/producto\\\/caja-x-24-la-clasica-sin-azucar\\\/#breadcrumb\"},\"inLanguage\":\"en-US\",\"potentialAction\":[{\"@type\":\"ReadAction\",\"target\":[\"https:\\\/\\\/solumdrinks.com\\\/producto\\\/caja-x-24-la-clasica-sin-azucar\\\/\"]}]},{\"@type\":\"ImageObject\",\"inLanguage\":\"en-US\",\"@id\":\"https:\\\/\\\/solumdrinks.com\\\/producto\\\/caja-x-24-la-clasica-sin-azucar\\\/#primaryimage\",\"url\":\"https:\\\/\\\/solumdrinks.com\\\/wp-content\\\/uploads\\\/2026\\\/02\\\/Caja-x-24-La-clasica-sin-azucar-2.jpg\",\"contentUrl\":\"https:\\\/\\\/solumdrinks.com\\\/wp-content\\\/uploads\\\/2026\\\/02\\\/Caja-x-24-La-clasica-sin-azucar-2.jpg\",\"width\":554,\"height\":742},{\"@type\":\"BreadcrumbList\",\"@id\":\"https:\\\/\\\/solumdrinks.com\\\/producto\\\/caja-x-24-la-clasica-sin-azucar\\\/#breadcrumb\",\"itemListElement\":[{\"@type\":\"ListItem\",\"position\":1,\"name\":\"Home\",\"item\":\"https:\\\/\\\/solumdrinks.com\\\/\"},{\"@type\":\"ListItem\",\"position\":2,\"name\":\"Tienda\",\"item\":\"https:\\\/\\\/solumdrinks.com\\\/tienda\\\/\"},{\"@type\":\"ListItem\",\"position\":3,\"name\":\"Caja x 24 &#8211; La Cl\u00e1sica Sin Az\u00facar\"}]},{\"@type\":\"WebSite\",\"@id\":\"https:\\\/\\\/solumdrinks.com\\\/#website\",\"url\":\"https:\\\/\\\/solumdrinks.com\\\/\",\"name\":\"Solum\",\"description\":\"Sabor aut\u00e9ntico de c\u00e1scara de caf\u00e9 Antioxidantes + cafe\u00edna natural Upcycling &#x1f504; Sin complicaciones, solo lo mejor de la naturaleza en tu vaso.\",\"publisher\":{\"@id\":\"https:\\\/\\\/solumdrinks.com\\\/#organization\"},\"potentialAction\":[{\"@type\":\"SearchAction\",\"target\":{\"@type\":\"EntryPoint\",\"urlTemplate\":\"https:\\\/\\\/solumdrinks.com\\\/?s={search_term_string}\"},\"query-input\":{\"@type\":\"PropertyValueSpecification\",\"valueRequired\":true,\"valueName\":\"search_term_string\"}}],\"inLanguage\":\"en-US\"},{\"@type\":\"Organization\",\"@id\":\"https:\\\/\\\/solumdrinks.com\\\/#organization\",\"name\":\"Solum\",\"url\":\"https:\\\/\\\/solumdrinks.com\\\/\",\"logo\":{\"@type\":\"ImageObject\",\"inLanguage\":\"en-US\",\"@id\":\"https:\\\/\\\/solumdrinks.com\\\/#\\\/schema\\\/logo\\\/image\\\/\",\"url\":\"https:\\\/\\\/solumdrinks.com\\\/wp-content\\\/uploads\\\/2024\\\/04\\\/cropped-logogrande.png\",\"contentUrl\":\"https:\\\/\\\/solumdrinks.com\\\/wp-content\\\/uploads\\\/2024\\\/04\\\/cropped-logogrande.png\",\"width\":485,\"height\":88,\"caption\":\"Solum\"},\"image\":{\"@id\":\"https:\\\/\\\/solumdrinks.com\\\/#\\\/schema\\\/logo\\\/image\\\/\"}}]}<\/script>\n<!-- \/ Yoast SEO plugin. -->","yoast_head_json":{"title":"Caja x 24 - La Cl\u00e1sica Sin Az\u00facar - Solum","robots":{"index":"index","follow":"follow","max-snippet":"max-snippet:-1","max-image-preview":"max-image-preview:large","max-video-preview":"max-video-preview:-1"},"canonical":"https:\/\/solumdrinks.com\/en\/product\/caja-x-24-la-clasica-sin-azucar\/","og_locale":"en_US","og_type":"article","og_title":"Caja x 24 - La Cl\u00e1sica Sin Az\u00facar - Solum","og_description":"Elaboraci\u00f3nInfusi\u00f3n natural de c\u00e1scara de caf\u00e9 org\u00e1nica en agua. Los dem\u00e1s ingredientes se incorporan mediante el mismo proceso. IngredientesAgua carbonatada, C\u00e1scara de caf\u00e9 org\u00e1nica, Flor de Jamaica org\u00e1nica, fruto del monje, \u00c1cido c\u00edtrico, Benzoato de sodio Perfil de aroma y saborFloral \u2013 frutal (tamarindo)Frutas rojasTropical","og_url":"https:\/\/solumdrinks.com\/en\/product\/caja-x-24-la-clasica-sin-azucar\/","og_site_name":"Solum","article_modified_time":"2026-04-06T02:03:03+00:00","og_image":[{"width":554,"height":742,"url":"https:\/\/solumdrinks.com\/wp-content\/uploads\/2026\/02\/Caja-x-24-La-clasica-sin-azucar-2.jpg","type":"image\/jpeg"}],"twitter_card":"summary_large_image","twitter_misc":{"Est. reading time":"1 minute"},"schema":{"@context":"https:\/\/schema.org","@graph":[{"@type":"WebPage","@id":"https:\/\/solumdrinks.com\/producto\/caja-x-24-la-clasica-sin-azucar\/","url":"https:\/\/solumdrinks.com\/producto\/caja-x-24-la-clasica-sin-azucar\/","name":"Caja x 24 - La Cl\u00e1sica Sin Az\u00facar - Solum","isPartOf":{"@id":"https:\/\/solumdrinks.com\/#website"},"primaryImageOfPage":{"@id":"https:\/\/solumdrinks.com\/producto\/caja-x-24-la-clasica-sin-azucar\/#primaryimage"},"image":{"@id":"https:\/\/solumdrinks.com\/producto\/caja-x-24-la-clasica-sin-azucar\/#primaryimage"},"thumbnailUrl":"https:\/\/solumdrinks.com\/wp-content\/uploads\/2026\/02\/Caja-x-24-La-clasica-sin-azucar-2.jpg","datePublished":"2026-02-21T00:02:43+00:00","dateModified":"2026-04-06T02:03:03+00:00","breadcrumb":{"@id":"https:\/\/solumdrinks.com\/producto\/caja-x-24-la-clasica-sin-azucar\/#breadcrumb"},"inLanguage":"en-US","potentialAction":[{"@type":"ReadAction","target":["https:\/\/solumdrinks.com\/producto\/caja-x-24-la-clasica-sin-azucar\/"]}]},{"@type":"ImageObject","inLanguage":"en-US","@id":"https:\/\/solumdrinks.com\/producto\/caja-x-24-la-clasica-sin-azucar\/#primaryimage","url":"https:\/\/solumdrinks.com\/wp-content\/uploads\/2026\/02\/Caja-x-24-La-clasica-sin-azucar-2.jpg","contentUrl":"https:\/\/solumdrinks.com\/wp-content\/uploads\/2026\/02\/Caja-x-24-La-clasica-sin-azucar-2.jpg","width":554,"height":742},{"@type":"BreadcrumbList","@id":"https:\/\/solumdrinks.com\/producto\/caja-x-24-la-clasica-sin-azucar\/#breadcrumb","itemListElement":[{"@type":"ListItem","position":1,"name":"Home","item":"https:\/\/solumdrinks.com\/"},{"@type":"ListItem","position":2,"name":"Tienda","item":"https:\/\/solumdrinks.com\/tienda\/"},{"@type":"ListItem","position":3,"name":"Caja x 24 &#8211; La Cl\u00e1sica Sin Az\u00facar"}]},{"@type":"WebSite","@id":"https:\/\/solumdrinks.com\/#website","url":"https:\/\/solumdrinks.com\/","name":"Solum","description":"Sabor aut\u00e9ntico de c\u00e1scara de caf\u00e9 Antioxidantes + cafe\u00edna natural Upcycling &#x1f504; Sin complicaciones, solo lo mejor de la naturaleza en tu vaso.","publisher":{"@id":"https:\/\/solumdrinks.com\/#organization"},"potentialAction":[{"@type":"SearchAction","target":{"@type":"EntryPoint","urlTemplate":"https:\/\/solumdrinks.com\/?s={search_term_string}"},"query-input":{"@type":"PropertyValueSpecification","valueRequired":true,"valueName":"search_term_string"}}],"inLanguage":"en-US"},{"@type":"Organization","@id":"https:\/\/solumdrinks.com\/#organization","name":"Solum","url":"https:\/\/solumdrinks.com\/","logo":{"@type":"ImageObject","inLanguage":"en-US","@id":"https:\/\/solumdrinks.com\/#\/schema\/logo\/image\/","url":"https:\/\/solumdrinks.com\/wp-content\/uploads\/2024\/04\/cropped-logogrande.png","contentUrl":"https:\/\/solumdrinks.com\/wp-content\/uploads\/2024\/04\/cropped-logogrande.png","width":485,"height":88,"caption":"Solum"},"image":{"@id":"https:\/\/solumdrinks.com\/#\/schema\/logo\/image\/"}}]}},"_links":{"self":[{"href":"https:\/\/solumdrinks.com\/en\/wp-json\/wp\/v2\/product\/1885","targetHints":{"allow":["GET"]}}],"collection":[{"href":"https:\/\/solumdrinks.com\/en\/wp-json\/wp\/v2\/product"}],"about":[{"href":"https:\/\/solumdrinks.com\/en\/wp-json\/wp\/v2\/types\/product"}],"replies":[{"embeddable":true,"href":"https:\/\/solumdrinks.com\/en\/wp-json\/wp\/v2\/comments?post=1885"}],"wp:featuredmedia":[{"embeddable":true,"href":"https:\/\/solumdrinks.com\/en\/wp-json\/wp\/v2\/media\/1917"}],"wp:attachment":[{"href":"https:\/\/solumdrinks.com\/en\/wp-json\/wp\/v2\/media?parent=1885"}],"wp:term":[{"taxonomy":"product_brand","embeddable":true,"href":"https:\/\/solumdrinks.com\/en\/wp-json\/wp\/v2\/product_brand?post=1885"},{"taxonomy":"product_cat","embeddable":true,"href":"https:\/\/solumdrinks.com\/en\/wp-json\/wp\/v2\/product_cat?post=1885"},{"taxonomy":"product_tag","embeddable":true,"href":"https:\/\/solumdrinks.com\/en\/wp-json\/wp\/v2\/product_tag?post=1885"}],"curies":[{"name":"wp","href":"https:\/\/api.w.org\/{rel}","templated":true}]}}