{"id":1873,"date":"2026-02-19T21:46:23","date_gmt":"2026-02-19T21:46:23","guid":{"rendered":"https:\/\/solumdrinks.com\/?post_type=product&#038;p=1873"},"modified":"2026-03-21T02:48:57","modified_gmt":"2026-03-21T02:48:57","slug":"6-pack-solum-surtido","status":"publish","type":"product","link":"https:\/\/solumdrinks.com\/en\/product\/6-pack-solum-surtido\/","title":{"rendered":"6 Pack \u2013 Solum Surtido"},"content":{"rendered":"<p data-start=\"253\" data-end=\"355\">El <strong data-start=\"256\" data-end=\"280\">6 Pack Solum Surtido<\/strong> incluye una selecci\u00f3n de nuestros tres sabores en presentaci\u00f3n individual:<\/p>\n<ul data-start=\"357\" data-end=\"452\">\n<li data-start=\"357\" data-end=\"383\">\n<p data-start=\"359\" data-end=\"383\">2 latas <strong data-start=\"367\" data-end=\"381\">La Cl\u00e1sica<\/strong><\/p>\n<\/li>\n<li data-start=\"384\" data-end=\"421\">\n<p data-start=\"386\" data-end=\"421\">2 latas <strong data-start=\"394\" data-end=\"419\">La Cl\u00e1sica sin az\u00facar<\/strong><\/p>\n<\/li>\n<li data-start=\"422\" data-end=\"452\">\n<p data-start=\"424\" data-end=\"452\">2 latas <strong data-start=\"432\" data-end=\"452\">Jengibre &amp; Lim\u00f3n<\/strong><\/p>\n<\/li>\n<\/ul>\n<p data-start=\"454\" data-end=\"725\">Bebidas funcionales elaboradas a base de c\u00e1scara de caf\u00e9 org\u00e1nica, con ingredientes naturales y sin saborizantes artificiales. Cada lata ofrece una alternativa refrescante con antioxidantes, polifenoles y cafe\u00edna de origen natural.<\/p>","protected":false},"excerpt":{"rendered":"<p>El 6 Pack Solum Surtido incluye una selecci\u00f3n de nuestros tres sabores en presentaci\u00f3n individual: 2 latas La Cl\u00e1sica 2 latas La Cl\u00e1sica sin az\u00facar 2 latas Jengibre &amp; Lim\u00f3n Bebidas funcionales elaboradas a base de c\u00e1scara de caf\u00e9 org\u00e1nica, con ingredientes naturales y sin saborizantes artificiales. Cada lata ofrece una alternativa refrescante con antioxidantes, [&hellip;]<\/p>\n","protected":false},"featured_media":1874,"comment_status":"open","ping_status":"closed","template":"","meta":{"om_disable_all_campaigns":false,"_monsterinsights_skip_tracking":false,"_monsterinsights_sitenote_active":false,"_monsterinsights_sitenote_note":"","_monsterinsights_sitenote_category":0,"_joinchat":[]},"product_brand":[],"product_cat":[32],"product_tag":[],"class_list":{"0":"post-1873","1":"product","2":"type-product","3":"status-publish","4":"has-post-thumbnail","6":"product_cat-soda-de-cascara-de-cafe","8":"first","9":"instock","10":"shipping-taxable","11":"purchasable","12":"product-type-simple"},"yoast_head":"<!-- This site is optimized with the Yoast SEO plugin v27.3 - https:\/\/yoast.com\/product\/yoast-seo-wordpress\/ -->\n<title>6 Pack \u2013 Solum Surtido - Solum<\/title>\n<meta name=\"robots\" content=\"index, follow, max-snippet:-1, max-image-preview:large, max-video-preview:-1\" \/>\n<link rel=\"canonical\" href=\"https:\/\/solumdrinks.com\/en\/product\/6-pack-solum-surtido\/\" \/>\n<meta property=\"og:locale\" content=\"en_US\" \/>\n<meta property=\"og:type\" content=\"article\" \/>\n<meta property=\"og:title\" content=\"6 Pack \u2013 Solum Surtido - Solum\" \/>\n<meta property=\"og:description\" content=\"El 6 Pack Solum Surtido incluye una selecci\u00f3n de nuestros tres sabores en presentaci\u00f3n individual: 2 latas La Cl\u00e1sica 2 latas La Cl\u00e1sica sin az\u00facar 2 latas Jengibre &amp; Lim\u00f3n Bebidas funcionales elaboradas a base de c\u00e1scara de caf\u00e9 org\u00e1nica, con ingredientes naturales y sin saborizantes artificiales. Cada lata ofrece una alternativa refrescante con antioxidantes, [&hellip;]\" \/>\n<meta property=\"og:url\" content=\"https:\/\/solumdrinks.com\/en\/product\/6-pack-solum-surtido\/\" \/>\n<meta property=\"og:site_name\" content=\"Solum\" \/>\n<meta property=\"article:modified_time\" content=\"2026-03-21T02:48:57+00:00\" \/>\n<meta property=\"og:image\" content=\"https:\/\/solumdrinks.com\/wp-content\/uploads\/2026\/02\/6-Pack-\u2013-Solum-Surtido.jpg\" \/>\n\t<meta property=\"og:image:width\" content=\"550\" \/>\n\t<meta property=\"og:image:height\" content=\"752\" \/>\n\t<meta property=\"og:image:type\" content=\"image\/jpeg\" \/>\n<meta name=\"twitter:card\" content=\"summary_large_image\" \/>\n<meta name=\"twitter:label1\" content=\"Est. reading time\" \/>\n\t<meta name=\"twitter:data1\" content=\"1 minute\" \/>\n<script type=\"application\/ld+json\" class=\"yoast-schema-graph\">{\"@context\":\"https:\\\/\\\/schema.org\",\"@graph\":[{\"@type\":\"WebPage\",\"@id\":\"https:\\\/\\\/solumdrinks.com\\\/producto\\\/6-pack-solum-surtido\\\/\",\"url\":\"https:\\\/\\\/solumdrinks.com\\\/producto\\\/6-pack-solum-surtido\\\/\",\"name\":\"6 Pack \u2013 Solum Surtido - Solum\",\"isPartOf\":{\"@id\":\"https:\\\/\\\/solumdrinks.com\\\/#website\"},\"primaryImageOfPage\":{\"@id\":\"https:\\\/\\\/solumdrinks.com\\\/producto\\\/6-pack-solum-surtido\\\/#primaryimage\"},\"image\":{\"@id\":\"https:\\\/\\\/solumdrinks.com\\\/producto\\\/6-pack-solum-surtido\\\/#primaryimage\"},\"thumbnailUrl\":\"https:\\\/\\\/solumdrinks.com\\\/wp-content\\\/uploads\\\/2026\\\/02\\\/6-Pack-\u2013-Solum-Surtido.jpg\",\"datePublished\":\"2026-02-19T21:46:23+00:00\",\"dateModified\":\"2026-03-21T02:48:57+00:00\",\"breadcrumb\":{\"@id\":\"https:\\\/\\\/solumdrinks.com\\\/producto\\\/6-pack-solum-surtido\\\/#breadcrumb\"},\"inLanguage\":\"en-US\",\"potentialAction\":[{\"@type\":\"ReadAction\",\"target\":[\"https:\\\/\\\/solumdrinks.com\\\/producto\\\/6-pack-solum-surtido\\\/\"]}]},{\"@type\":\"ImageObject\",\"inLanguage\":\"en-US\",\"@id\":\"https:\\\/\\\/solumdrinks.com\\\/producto\\\/6-pack-solum-surtido\\\/#primaryimage\",\"url\":\"https:\\\/\\\/solumdrinks.com\\\/wp-content\\\/uploads\\\/2026\\\/02\\\/6-Pack-\u2013-Solum-Surtido.jpg\",\"contentUrl\":\"https:\\\/\\\/solumdrinks.com\\\/wp-content\\\/uploads\\\/2026\\\/02\\\/6-Pack-\u2013-Solum-Surtido.jpg\",\"width\":550,\"height\":752},{\"@type\":\"BreadcrumbList\",\"@id\":\"https:\\\/\\\/solumdrinks.com\\\/producto\\\/6-pack-solum-surtido\\\/#breadcrumb\",\"itemListElement\":[{\"@type\":\"ListItem\",\"position\":1,\"name\":\"Home\",\"item\":\"https:\\\/\\\/solumdrinks.com\\\/\"},{\"@type\":\"ListItem\",\"position\":2,\"name\":\"Tienda\",\"item\":\"https:\\\/\\\/solumdrinks.com\\\/tienda\\\/\"},{\"@type\":\"ListItem\",\"position\":3,\"name\":\"6 Pack \u2013 Solum Surtido\"}]},{\"@type\":\"WebSite\",\"@id\":\"https:\\\/\\\/solumdrinks.com\\\/#website\",\"url\":\"https:\\\/\\\/solumdrinks.com\\\/\",\"name\":\"Solum\",\"description\":\"Sabor aut\u00e9ntico de c\u00e1scara de caf\u00e9 Antioxidantes + cafe\u00edna natural Upcycling &#x1f504; Sin complicaciones, solo lo mejor de la naturaleza en tu vaso.\",\"publisher\":{\"@id\":\"https:\\\/\\\/solumdrinks.com\\\/#organization\"},\"potentialAction\":[{\"@type\":\"SearchAction\",\"target\":{\"@type\":\"EntryPoint\",\"urlTemplate\":\"https:\\\/\\\/solumdrinks.com\\\/?s={search_term_string}\"},\"query-input\":{\"@type\":\"PropertyValueSpecification\",\"valueRequired\":true,\"valueName\":\"search_term_string\"}}],\"inLanguage\":\"en-US\"},{\"@type\":\"Organization\",\"@id\":\"https:\\\/\\\/solumdrinks.com\\\/#organization\",\"name\":\"Solum\",\"url\":\"https:\\\/\\\/solumdrinks.com\\\/\",\"logo\":{\"@type\":\"ImageObject\",\"inLanguage\":\"en-US\",\"@id\":\"https:\\\/\\\/solumdrinks.com\\\/#\\\/schema\\\/logo\\\/image\\\/\",\"url\":\"https:\\\/\\\/solumdrinks.com\\\/wp-content\\\/uploads\\\/2024\\\/04\\\/cropped-logogrande.png\",\"contentUrl\":\"https:\\\/\\\/solumdrinks.com\\\/wp-content\\\/uploads\\\/2024\\\/04\\\/cropped-logogrande.png\",\"width\":485,\"height\":88,\"caption\":\"Solum\"},\"image\":{\"@id\":\"https:\\\/\\\/solumdrinks.com\\\/#\\\/schema\\\/logo\\\/image\\\/\"}}]}<\/script>\n<!-- \/ Yoast SEO plugin. -->","yoast_head_json":{"title":"6 Pack \u2013 Solum Surtido - Solum","robots":{"index":"index","follow":"follow","max-snippet":"max-snippet:-1","max-image-preview":"max-image-preview:large","max-video-preview":"max-video-preview:-1"},"canonical":"https:\/\/solumdrinks.com\/en\/product\/6-pack-solum-surtido\/","og_locale":"en_US","og_type":"article","og_title":"6 Pack \u2013 Solum Surtido - Solum","og_description":"El 6 Pack Solum Surtido incluye una selecci\u00f3n de nuestros tres sabores en presentaci\u00f3n individual: 2 latas La Cl\u00e1sica 2 latas La Cl\u00e1sica sin az\u00facar 2 latas Jengibre &amp; Lim\u00f3n Bebidas funcionales elaboradas a base de c\u00e1scara de caf\u00e9 org\u00e1nica, con ingredientes naturales y sin saborizantes artificiales. Cada lata ofrece una alternativa refrescante con antioxidantes, [&hellip;]","og_url":"https:\/\/solumdrinks.com\/en\/product\/6-pack-solum-surtido\/","og_site_name":"Solum","article_modified_time":"2026-03-21T02:48:57+00:00","og_image":[{"width":550,"height":752,"url":"https:\/\/solumdrinks.com\/wp-content\/uploads\/2026\/02\/6-Pack-\u2013-Solum-Surtido.jpg","type":"image\/jpeg"}],"twitter_card":"summary_large_image","twitter_misc":{"Est. reading time":"1 minute"},"schema":{"@context":"https:\/\/schema.org","@graph":[{"@type":"WebPage","@id":"https:\/\/solumdrinks.com\/producto\/6-pack-solum-surtido\/","url":"https:\/\/solumdrinks.com\/producto\/6-pack-solum-surtido\/","name":"6 Pack \u2013 Solum Surtido - Solum","isPartOf":{"@id":"https:\/\/solumdrinks.com\/#website"},"primaryImageOfPage":{"@id":"https:\/\/solumdrinks.com\/producto\/6-pack-solum-surtido\/#primaryimage"},"image":{"@id":"https:\/\/solumdrinks.com\/producto\/6-pack-solum-surtido\/#primaryimage"},"thumbnailUrl":"https:\/\/solumdrinks.com\/wp-content\/uploads\/2026\/02\/6-Pack-\u2013-Solum-Surtido.jpg","datePublished":"2026-02-19T21:46:23+00:00","dateModified":"2026-03-21T02:48:57+00:00","breadcrumb":{"@id":"https:\/\/solumdrinks.com\/producto\/6-pack-solum-surtido\/#breadcrumb"},"inLanguage":"en-US","potentialAction":[{"@type":"ReadAction","target":["https:\/\/solumdrinks.com\/producto\/6-pack-solum-surtido\/"]}]},{"@type":"ImageObject","inLanguage":"en-US","@id":"https:\/\/solumdrinks.com\/producto\/6-pack-solum-surtido\/#primaryimage","url":"https:\/\/solumdrinks.com\/wp-content\/uploads\/2026\/02\/6-Pack-\u2013-Solum-Surtido.jpg","contentUrl":"https:\/\/solumdrinks.com\/wp-content\/uploads\/2026\/02\/6-Pack-\u2013-Solum-Surtido.jpg","width":550,"height":752},{"@type":"BreadcrumbList","@id":"https:\/\/solumdrinks.com\/producto\/6-pack-solum-surtido\/#breadcrumb","itemListElement":[{"@type":"ListItem","position":1,"name":"Home","item":"https:\/\/solumdrinks.com\/"},{"@type":"ListItem","position":2,"name":"Tienda","item":"https:\/\/solumdrinks.com\/tienda\/"},{"@type":"ListItem","position":3,"name":"6 Pack \u2013 Solum Surtido"}]},{"@type":"WebSite","@id":"https:\/\/solumdrinks.com\/#website","url":"https:\/\/solumdrinks.com\/","name":"Solum","description":"Sabor aut\u00e9ntico de c\u00e1scara de caf\u00e9 Antioxidantes + cafe\u00edna natural Upcycling &#x1f504; Sin complicaciones, solo lo mejor de la naturaleza en tu vaso.","publisher":{"@id":"https:\/\/solumdrinks.com\/#organization"},"potentialAction":[{"@type":"SearchAction","target":{"@type":"EntryPoint","urlTemplate":"https:\/\/solumdrinks.com\/?s={search_term_string}"},"query-input":{"@type":"PropertyValueSpecification","valueRequired":true,"valueName":"search_term_string"}}],"inLanguage":"en-US"},{"@type":"Organization","@id":"https:\/\/solumdrinks.com\/#organization","name":"Solum","url":"https:\/\/solumdrinks.com\/","logo":{"@type":"ImageObject","inLanguage":"en-US","@id":"https:\/\/solumdrinks.com\/#\/schema\/logo\/image\/","url":"https:\/\/solumdrinks.com\/wp-content\/uploads\/2024\/04\/cropped-logogrande.png","contentUrl":"https:\/\/solumdrinks.com\/wp-content\/uploads\/2024\/04\/cropped-logogrande.png","width":485,"height":88,"caption":"Solum"},"image":{"@id":"https:\/\/solumdrinks.com\/#\/schema\/logo\/image\/"}}]}},"_links":{"self":[{"href":"https:\/\/solumdrinks.com\/en\/wp-json\/wp\/v2\/product\/1873","targetHints":{"allow":["GET"]}}],"collection":[{"href":"https:\/\/solumdrinks.com\/en\/wp-json\/wp\/v2\/product"}],"about":[{"href":"https:\/\/solumdrinks.com\/en\/wp-json\/wp\/v2\/types\/product"}],"replies":[{"embeddable":true,"href":"https:\/\/solumdrinks.com\/en\/wp-json\/wp\/v2\/comments?post=1873"}],"wp:featuredmedia":[{"embeddable":true,"href":"https:\/\/solumdrinks.com\/en\/wp-json\/wp\/v2\/media\/1874"}],"wp:attachment":[{"href":"https:\/\/solumdrinks.com\/en\/wp-json\/wp\/v2\/media?parent=1873"}],"wp:term":[{"taxonomy":"product_brand","embeddable":true,"href":"https:\/\/solumdrinks.com\/en\/wp-json\/wp\/v2\/product_brand?post=1873"},{"taxonomy":"product_cat","embeddable":true,"href":"https:\/\/solumdrinks.com\/en\/wp-json\/wp\/v2\/product_cat?post=1873"},{"taxonomy":"product_tag","embeddable":true,"href":"https:\/\/solumdrinks.com\/en\/wp-json\/wp\/v2\/product_tag?post=1873"}],"curies":[{"name":"wp","href":"https:\/\/api.w.org\/{rel}","templated":true}]}}