{"id":554,"date":"2024-04-10T19:21:55","date_gmt":"2024-04-10T19:21:55","guid":{"rendered":"https:\/\/solumdrinks.com\/?page_id=554"},"modified":"2024-08-21T19:57:27","modified_gmt":"2024-08-21T19:57:27","slug":"nuestro-equipo","status":"publish","type":"page","link":"https:\/\/solumdrinks.com\/en\/nuestro-equipo\/","title":{"rendered":"Our team"},"content":{"rendered":"<div data-elementor-type=\"wp-page\" data-elementor-id=\"554\" class=\"elementor elementor-554\" data-elementor-post-type=\"page\">\n\t\t\t\t<div class=\"elementor-element elementor-element-558a016 e-flex e-con-boxed elementor-invisible e-con e-parent\" data-id=\"558a016\" data-element_type=\"container\" data-e-type=\"container\" data-settings=\"{&quot;background_background&quot;:&quot;classic&quot;,&quot;animation&quot;:&quot;fadeInDown&quot;}\">\n\t\t\t\t\t<div class=\"e-con-inner\">\n\t\t\t\t<div class=\"elementor-element elementor-element-8f9446e elementor-widget elementor-widget-heading\" data-id=\"8f9446e\" data-element_type=\"widget\" data-e-type=\"widget\" data-widget_type=\"heading.default\">\n\t\t\t\t<div class=\"elementor-widget-container\">\n\t\t\t\t\t<h2 class=\"elementor-heading-title elementor-size-default\">Our <br>\nTeam<\/h2>\t\t\t\t<\/div>\n\t\t\t\t<\/div>\n\t\t\t\t\t<\/div>\n\t\t\t\t<\/div>\n\t\t<div class=\"elementor-element elementor-element-ba8f867 e-flex e-con-boxed e-con e-parent\" data-id=\"ba8f867\" data-element_type=\"container\" data-e-type=\"container\">\n\t\t\t\t\t<div class=\"e-con-inner\">\n\t\t\t\t<div class=\"elementor-element elementor-element-004baf7 elementor-invisible elementor-widget elementor-widget-text-editor\" data-id=\"004baf7\" data-element_type=\"widget\" data-e-type=\"widget\" data-settings=\"{&quot;_animation&quot;:&quot;fadeInUp&quot;}\" data-widget_type=\"text-editor.default\">\n\t\t\t\t<div class=\"elementor-widget-container\">\n\t\t\t\t\t\t\t\t\t<p>The founders of Solum are united by our shared passion for developing products that promote sustainability, well-being, and support for agricultural communities, and we all work to contribute positively through our coffee cherry beverages.<\/p>\t\t\t\t\t\t\t\t<\/div>\n\t\t\t\t<\/div>\n\t\t\t\t\t<\/div>\n\t\t\t\t<\/div>\n\t\t<div class=\"elementor-element elementor-element-ec8ebc8 e-flex e-con-boxed e-con e-parent\" data-id=\"ec8ebc8\" data-element_type=\"container\" data-e-type=\"container\">\n\t\t\t\t\t<div class=\"e-con-inner\">\n\t\t\t\t<div class=\"elementor-element elementor-element-fd84261 elementor-widget elementor-widget-spacer\" data-id=\"fd84261\" data-element_type=\"widget\" data-e-type=\"widget\" data-widget_type=\"spacer.default\">\n\t\t\t\t<div class=\"elementor-widget-container\">\n\t\t\t\t\t\t\t<div class=\"elementor-spacer\">\n\t\t\t<div class=\"elementor-spacer-inner\"><\/div>\n\t\t<\/div>\n\t\t\t\t\t\t<\/div>\n\t\t\t\t<\/div>\n\t\t\t\t<div class=\"elementor-element elementor-element-1494555 elementor-widget elementor-widget-heading\" data-id=\"1494555\" data-element_type=\"widget\" data-e-type=\"widget\" data-widget_type=\"heading.default\">\n\t\t\t\t<div class=\"elementor-widget-container\">\n\t\t\t\t\t<h2 class=\"elementor-heading-title elementor-size-default\">Carl Kramer<\/h2>\t\t\t\t<\/div>\n\t\t\t\t<\/div>\n\t\t\t\t<div class=\"elementor-element elementor-element-ab97f3f elementor-widget elementor-widget-video\" data-id=\"ab97f3f\" data-element_type=\"widget\" data-e-type=\"widget\" data-settings=\"{&quot;youtube_url&quot;:&quot;https:\\\/\\\/www.youtube.com\\\/watch?v=7xtJ0hPF75o&quot;,&quot;show_image_overlay&quot;:&quot;yes&quot;,&quot;image_overlay&quot;:{&quot;url&quot;:&quot;https:\\\/\\\/solumdrinks.com\\\/wp-content\\\/uploads\\\/2024\\\/04\\\/videoEquipo1-min.png&quot;,&quot;id&quot;:591,&quot;size&quot;:&quot;&quot;,&quot;alt&quot;:&quot;&quot;,&quot;source&quot;:&quot;library&quot;},&quot;video_type&quot;:&quot;youtube&quot;,&quot;controls&quot;:&quot;yes&quot;}\" data-widget_type=\"video.default\">\n\t\t\t\t<div class=\"elementor-widget-container\">\n\t\t\t\t\t\t\t<div class=\"elementor-wrapper elementor-open-inline\">\n\t\t\t<div class=\"elementor-video\"><\/div>\t\t\t\t<div class=\"elementor-custom-embed-image-overlay\" style=\"background-image: url(https:\/\/solumdrinks.com\/wp-content\/uploads\/2024\/04\/videoEquipo1-min.png);\">\n\t\t\t\t\t\t\t\t\t\t\t\t\t\t\t\t<div class=\"elementor-custom-embed-play\" role=\"button\" aria-label=\"Reproducir v\u00eddeo\" tabindex=\"0\">\n\t\t\t\t\t\t\t<i aria-hidden=\"true\" class=\"eicon-play\"><\/i>\t\t\t\t\t\t<\/div>\n\t\t\t\t\t\t\t\t\t<\/div>\n\t\t\t\t\t<\/div>\n\t\t\t\t\t\t<\/div>\n\t\t\t\t<\/div>\n\t\t\t\t\t<\/div>\n\t\t\t\t<\/div>\n\t\t<div class=\"elementor-element elementor-element-b39f54d e-flex e-con-boxed e-con e-parent\" data-id=\"b39f54d\" data-element_type=\"container\" data-e-type=\"container\">\n\t\t\t\t\t<div class=\"e-con-inner\">\n\t\t\t\t<div class=\"elementor-element elementor-element-03f44b1 elementor-widget elementor-widget-spacer\" data-id=\"03f44b1\" data-element_type=\"widget\" data-e-type=\"widget\" data-widget_type=\"spacer.default\">\n\t\t\t\t<div class=\"elementor-widget-container\">\n\t\t\t\t\t\t\t<div class=\"elementor-spacer\">\n\t\t\t<div class=\"elementor-spacer-inner\"><\/div>\n\t\t<\/div>\n\t\t\t\t\t\t<\/div>\n\t\t\t\t<\/div>\n\t\t\t\t<div class=\"elementor-element elementor-element-f36cbcd elementor-widget elementor-widget-heading\" data-id=\"f36cbcd\" data-element_type=\"widget\" data-e-type=\"widget\" data-widget_type=\"heading.default\">\n\t\t\t\t<div class=\"elementor-widget-container\">\n\t\t\t\t\t<h2 class=\"elementor-heading-title elementor-size-default\">Ricardo Restrepo<\/h2>\t\t\t\t<\/div>\n\t\t\t\t<\/div>\n\t\t\t\t<div class=\"elementor-element elementor-element-29abd0d elementor-widget elementor-widget-video\" data-id=\"29abd0d\" data-element_type=\"widget\" data-e-type=\"widget\" data-settings=\"{&quot;youtube_url&quot;:&quot;https:\\\/\\\/www.youtube.com\\\/watch?v=edGLaNCuDcQ&quot;,&quot;show_image_overlay&quot;:&quot;yes&quot;,&quot;image_overlay&quot;:{&quot;url&quot;:&quot;https:\\\/\\\/solumdrinks.com\\\/wp-content\\\/uploads\\\/2024\\\/04\\\/videoEquipo2-min.png&quot;,&quot;id&quot;:592,&quot;size&quot;:&quot;&quot;,&quot;alt&quot;:&quot;&quot;,&quot;source&quot;:&quot;library&quot;},&quot;video_type&quot;:&quot;youtube&quot;,&quot;controls&quot;:&quot;yes&quot;}\" data-widget_type=\"video.default\">\n\t\t\t\t<div class=\"elementor-widget-container\">\n\t\t\t\t\t\t\t<div class=\"elementor-wrapper elementor-open-inline\">\n\t\t\t<div class=\"elementor-video\"><\/div>\t\t\t\t<div class=\"elementor-custom-embed-image-overlay\" style=\"background-image: url(https:\/\/solumdrinks.com\/wp-content\/uploads\/2024\/04\/videoEquipo2-min.png);\">\n\t\t\t\t\t\t\t\t\t\t\t\t\t\t\t\t<div class=\"elementor-custom-embed-play\" role=\"button\" aria-label=\"Reproducir v\u00eddeo\" tabindex=\"0\">\n\t\t\t\t\t\t\t<i aria-hidden=\"true\" class=\"eicon-play\"><\/i>\t\t\t\t\t\t<\/div>\n\t\t\t\t\t\t\t\t\t<\/div>\n\t\t\t\t\t<\/div>\n\t\t\t\t\t\t<\/div>\n\t\t\t\t<\/div>\n\t\t\t\t\t<\/div>\n\t\t\t\t<\/div>\n\t\t<div class=\"elementor-element elementor-element-f154d66 e-flex e-con-boxed e-con e-parent\" data-id=\"f154d66\" data-element_type=\"container\" data-e-type=\"container\">\n\t\t\t\t\t<div class=\"e-con-inner\">\n\t\t\t\t<div class=\"elementor-element elementor-element-119dc23 elementor-widget elementor-widget-spacer\" data-id=\"119dc23\" data-element_type=\"widget\" data-e-type=\"widget\" data-widget_type=\"spacer.default\">\n\t\t\t\t<div class=\"elementor-widget-container\">\n\t\t\t\t\t\t\t<div class=\"elementor-spacer\">\n\t\t\t<div class=\"elementor-spacer-inner\"><\/div>\n\t\t<\/div>\n\t\t\t\t\t\t<\/div>\n\t\t\t\t<\/div>\n\t\t\t\t<div class=\"elementor-element elementor-element-28df801 elementor-widget elementor-widget-heading\" data-id=\"28df801\" data-element_type=\"widget\" data-e-type=\"widget\" data-widget_type=\"heading.default\">\n\t\t\t\t<div class=\"elementor-widget-container\">\n\t\t\t\t\t<h2 class=\"elementor-heading-title elementor-size-default\">Carlos Mora<\/h2>\t\t\t\t<\/div>\n\t\t\t\t<\/div>\n\t\t\t\t<div class=\"elementor-element elementor-element-8c3af4a elementor-widget elementor-widget-video\" data-id=\"8c3af4a\" data-element_type=\"widget\" data-e-type=\"widget\" data-settings=\"{&quot;youtube_url&quot;:&quot;https:\\\/\\\/youtu.be\\\/Gtfj2bBygZc&quot;,&quot;show_image_overlay&quot;:&quot;yes&quot;,&quot;image_overlay&quot;:{&quot;url&quot;:&quot;https:\\\/\\\/solumdrinks.com\\\/wp-content\\\/uploads\\\/2024\\\/04\\\/videoEquipo3-min.png&quot;,&quot;id&quot;:593,&quot;size&quot;:&quot;&quot;,&quot;alt&quot;:&quot;&quot;,&quot;source&quot;:&quot;library&quot;},&quot;video_type&quot;:&quot;youtube&quot;,&quot;controls&quot;:&quot;yes&quot;}\" data-widget_type=\"video.default\">\n\t\t\t\t<div class=\"elementor-widget-container\">\n\t\t\t\t\t\t\t<div class=\"elementor-wrapper elementor-open-inline\">\n\t\t\t<div class=\"elementor-video\"><\/div>\t\t\t\t<div class=\"elementor-custom-embed-image-overlay\" style=\"background-image: url(https:\/\/solumdrinks.com\/wp-content\/uploads\/2024\/04\/videoEquipo3-min.png);\">\n\t\t\t\t\t\t\t\t\t\t\t\t\t\t\t\t<div class=\"elementor-custom-embed-play\" role=\"button\" aria-label=\"Reproducir v\u00eddeo\" tabindex=\"0\">\n\t\t\t\t\t\t\t<i aria-hidden=\"true\" class=\"eicon-play\"><\/i>\t\t\t\t\t\t<\/div>\n\t\t\t\t\t\t\t\t\t<\/div>\n\t\t\t\t\t<\/div>\n\t\t\t\t\t\t<\/div>\n\t\t\t\t<\/div>\n\t\t\t\t\t<\/div>\n\t\t\t\t<\/div>\n\t\t<div class=\"elementor-element elementor-element-156728e e-flex e-con-boxed e-con e-parent\" data-id=\"156728e\" data-element_type=\"container\" data-e-type=\"container\">\n\t\t\t\t\t<div class=\"e-con-inner\">\n\t\t\t\t<div class=\"elementor-element elementor-element-5117535 elementor-widget elementor-widget-spacer\" data-id=\"5117535\" data-element_type=\"widget\" data-e-type=\"widget\" data-widget_type=\"spacer.default\">\n\t\t\t\t<div class=\"elementor-widget-container\">\n\t\t\t\t\t\t\t<div class=\"elementor-spacer\">\n\t\t\t<div class=\"elementor-spacer-inner\"><\/div>\n\t\t<\/div>\n\t\t\t\t\t\t<\/div>\n\t\t\t\t<\/div>\n\t\t\t\t<div class=\"elementor-element elementor-element-89a83fb elementor-widget elementor-widget-heading\" data-id=\"89a83fb\" data-element_type=\"widget\" data-e-type=\"widget\" data-widget_type=\"heading.default\">\n\t\t\t\t<div class=\"elementor-widget-container\">\n\t\t\t\t\t<h2 class=\"elementor-heading-title elementor-size-default\">Julian Gamboa<\/h2>\t\t\t\t<\/div>\n\t\t\t\t<\/div>\n\t\t\t\t<div class=\"elementor-element elementor-element-5734c59 elementor-widget elementor-widget-video\" data-id=\"5734c59\" data-element_type=\"widget\" data-e-type=\"widget\" data-settings=\"{&quot;youtube_url&quot;:&quot;https:\\\/\\\/youtu.be\\\/hd7mEH3xGxM&quot;,&quot;show_image_overlay&quot;:&quot;yes&quot;,&quot;image_overlay&quot;:{&quot;url&quot;:&quot;https:\\\/\\\/solumdrinks.com\\\/wp-content\\\/uploads\\\/2024\\\/04\\\/videoEquipo4-min.png&quot;,&quot;id&quot;:594,&quot;size&quot;:&quot;&quot;,&quot;alt&quot;:&quot;&quot;,&quot;source&quot;:&quot;library&quot;},&quot;video_type&quot;:&quot;youtube&quot;,&quot;controls&quot;:&quot;yes&quot;}\" data-widget_type=\"video.default\">\n\t\t\t\t<div class=\"elementor-widget-container\">\n\t\t\t\t\t\t\t<div class=\"elementor-wrapper elementor-open-inline\">\n\t\t\t<div class=\"elementor-video\"><\/div>\t\t\t\t<div class=\"elementor-custom-embed-image-overlay\" style=\"background-image: url(https:\/\/solumdrinks.com\/wp-content\/uploads\/2024\/04\/videoEquipo4-min.png);\">\n\t\t\t\t\t\t\t\t\t\t\t\t\t\t\t\t<div class=\"elementor-custom-embed-play\" role=\"button\" aria-label=\"Reproducir v\u00eddeo\" tabindex=\"0\">\n\t\t\t\t\t\t\t<i aria-hidden=\"true\" class=\"eicon-play\"><\/i>\t\t\t\t\t\t<\/div>\n\t\t\t\t\t\t\t\t\t<\/div>\n\t\t\t\t\t<\/div>\n\t\t\t\t\t\t<\/div>\n\t\t\t\t<\/div>\n\t\t\t\t\t<\/div>\n\t\t\t\t<\/div>\n\t\t<div class=\"elementor-element elementor-element-55f68af e-con-full e-flex e-con e-parent\" data-id=\"55f68af\" data-element_type=\"container\" data-e-type=\"container\">\n\t\t\t\t<div class=\"elementor-element elementor-element-855276e elementor-widget elementor-widget-spacer\" data-id=\"855276e\" data-element_type=\"widget\" data-e-type=\"widget\" data-widget_type=\"spacer.default\">\n\t\t\t\t<div class=\"elementor-widget-container\">\n\t\t\t\t\t\t\t<div class=\"elementor-spacer\">\n\t\t\t<div class=\"elementor-spacer-inner\"><\/div>\n\t\t<\/div>\n\t\t\t\t\t\t<\/div>\n\t\t\t\t<\/div>\n\t\t\t\t<\/div>\n\t\t<div class=\"elementor-element elementor-element-ebf8028 e-flex e-con-boxed e-con e-parent\" data-id=\"ebf8028\" data-element_type=\"container\" data-e-type=\"container\" data-settings=\"{&quot;background_background&quot;:&quot;classic&quot;}\">\n\t\t\t\t\t<div class=\"e-con-inner\">\n\t\t<div class=\"elementor-element elementor-element-055820d e-con-full e-flex e-con e-child\" data-id=\"055820d\" data-element_type=\"container\" data-e-type=\"container\">\n\t\t\t\t<div class=\"elementor-element elementor-element-f722389 elementor-widget__width-initial elementor-widget elementor-widget-heading\" data-id=\"f722389\" data-element_type=\"widget\" data-e-type=\"widget\" data-widget_type=\"heading.default\">\n\t\t\t\t<div class=\"elementor-widget-container\">\n\t\t\t\t\t<h2 class=\"elementor-heading-title elementor-size-default\">We are ready to scale up and generate a global impact <\/h2>\t\t\t\t<\/div>\n\t\t\t\t<\/div>\n\t\t\t\t<div class=\"elementor-element elementor-element-29d6036 elementor-widget elementor-widget-heading\" data-id=\"29d6036\" data-element_type=\"widget\" data-e-type=\"widget\" data-widget_type=\"heading.default\">\n\t\t\t\t<div class=\"elementor-widget-container\">\n\t\t\t\t\t<h2 class=\"elementor-heading-title elementor-size-default\">with the right partners by our side.<\/h2>\t\t\t\t<\/div>\n\t\t\t\t<\/div>\n\t\t\t\t<\/div>\n\t\t<div class=\"elementor-element elementor-element-84e665b e-con-full e-flex e-con e-child\" data-id=\"84e665b\" data-element_type=\"container\" data-e-type=\"container\">\n\t\t\t\t<div class=\"elementor-element elementor-element-a4edc72 elementor-align-center elementor-widget elementor-widget-button\" data-id=\"a4edc72\" data-element_type=\"widget\" data-e-type=\"widget\" data-widget_type=\"button.default\">\n\t\t\t\t<div class=\"elementor-widget-container\">\n\t\t\t\t\t\t\t\t\t<div class=\"elementor-button-wrapper\">\n\t\t\t\t\t<a class=\"elementor-button elementor-button-link elementor-size-sm\" href=\"https:\/\/solumdrinks.com\/en\/contacto\/\">\n\t\t\t\t\t\t<span class=\"elementor-button-content-wrapper\">\n\t\t\t\t\t\t\t\t\t<span class=\"elementor-button-text\">Contact us<\/span>\n\t\t\t\t\t<\/span>\n\t\t\t\t\t<\/a>\n\t\t\t\t<\/div>\n\t\t\t\t\t\t\t\t<\/div>\n\t\t\t\t<\/div>\n\t\t\t\t<\/div>\n\t\t\t\t\t<\/div>\n\t\t\t\t<\/div>\n\t\t\t\t<\/div>","protected":false},"excerpt":{"rendered":"<p>Nuestro Equipo Est\u00e1 unido por nuestra pasi\u00f3n compartida por el desarrollo de productos que promuevan la sostenibilidad, el bienestar y el apoyo hacia las comunidades agr\u00edcolas y todos trabajamos en contribuir positivamente a trav\u00e9s de nuestras bebidas de cascara de caf\u00e9. Carl Kramer Ricardo Restrepo Carlos Mora Julian Gamboa Estamos listos para escalar y lograr [&hellip;]<\/p>\n","protected":false},"author":2,"featured_media":0,"parent":0,"menu_order":0,"comment_status":"closed","ping_status":"closed","template":"elementor_header_footer","meta":{"om_disable_all_campaigns":false,"_monsterinsights_skip_tracking":false,"_monsterinsights_sitenote_active":false,"_monsterinsights_sitenote_note":"","_monsterinsights_sitenote_category":0,"_joinchat":[],"footnotes":""},"class_list":["post-554","page","type-page","status-publish","hentry"],"yoast_head":"<!-- This site is optimized with the Yoast SEO plugin v27.3 - https:\/\/yoast.com\/product\/yoast-seo-wordpress\/ -->\n<title>Nuestro Equipo - Solum<\/title>\n<meta name=\"description\" content=\"Nuestro objetivo es producir alimentos de la manera m\u00e1s natural posible. Conoce qui\u00e9n esta detr\u00e1s de Solum...\" \/>\n<meta name=\"robots\" content=\"index, follow, max-snippet:-1, max-image-preview:large, max-video-preview:-1\" \/>\n<link rel=\"canonical\" href=\"https:\/\/solumdrinks.com\/en\/nuestro-equipo\/\" \/>\n<meta property=\"og:locale\" content=\"en_US\" \/>\n<meta property=\"og:type\" content=\"article\" \/>\n<meta property=\"og:title\" content=\"Nuestro Equipo - Solum\" \/>\n<meta property=\"og:description\" content=\"Nuestro objetivo es producir alimentos de la manera m\u00e1s natural posible. Conoce qui\u00e9n esta detr\u00e1s de Solum...\" \/>\n<meta property=\"og:url\" content=\"https:\/\/solumdrinks.com\/en\/nuestro-equipo\/\" \/>\n<meta property=\"og:site_name\" content=\"Solum\" \/>\n<meta property=\"article:modified_time\" content=\"2024-08-21T19:57:27+00:00\" \/>\n<meta property=\"og:image\" content=\"https:\/\/solumdrinks.com\/wp-content\/uploads\/2024\/04\/Vectors.png\" \/>\n\t<meta property=\"og:image:width\" content=\"69\" \/>\n\t<meta property=\"og:image:height\" content=\"66\" \/>\n\t<meta property=\"og:image:type\" content=\"image\/png\" \/>\n<meta name=\"twitter:card\" content=\"summary_large_image\" \/>\n<meta name=\"twitter:label1\" content=\"Est. reading time\" \/>\n\t<meta name=\"twitter:data1\" content=\"1 minute\" \/>\n<script type=\"application\/ld+json\" class=\"yoast-schema-graph\">{\"@context\":\"https:\\\/\\\/schema.org\",\"@graph\":[{\"@type\":\"WebPage\",\"@id\":\"https:\\\/\\\/solumdrinks.com\\\/nuestro-equipo\\\/\",\"url\":\"https:\\\/\\\/solumdrinks.com\\\/nuestro-equipo\\\/\",\"name\":\"Nuestro Equipo - Solum\",\"isPartOf\":{\"@id\":\"https:\\\/\\\/solumdrinks.com\\\/#website\"},\"datePublished\":\"2024-04-10T19:21:55+00:00\",\"dateModified\":\"2024-08-21T19:57:27+00:00\",\"description\":\"Nuestro objetivo es producir alimentos de la manera m\u00e1s natural posible. Conoce qui\u00e9n esta detr\u00e1s de Solum...\",\"breadcrumb\":{\"@id\":\"https:\\\/\\\/solumdrinks.com\\\/nuestro-equipo\\\/#breadcrumb\"},\"inLanguage\":\"en-US\",\"potentialAction\":[{\"@type\":\"ReadAction\",\"target\":[\"https:\\\/\\\/solumdrinks.com\\\/nuestro-equipo\\\/\"]}]},{\"@type\":\"BreadcrumbList\",\"@id\":\"https:\\\/\\\/solumdrinks.com\\\/nuestro-equipo\\\/#breadcrumb\",\"itemListElement\":[{\"@type\":\"ListItem\",\"position\":1,\"name\":\"Home\",\"item\":\"https:\\\/\\\/solumdrinks.com\\\/\"},{\"@type\":\"ListItem\",\"position\":2,\"name\":\"Nuestro Equipo\"}]},{\"@type\":\"WebSite\",\"@id\":\"https:\\\/\\\/solumdrinks.com\\\/#website\",\"url\":\"https:\\\/\\\/solumdrinks.com\\\/\",\"name\":\"Solum\",\"description\":\"Sabor aut\u00e9ntico de c\u00e1scara de caf\u00e9 Antioxidantes + cafe\u00edna natural Upcycling &#x1f504; Sin complicaciones, solo lo mejor de la naturaleza en tu vaso.\",\"publisher\":{\"@id\":\"https:\\\/\\\/solumdrinks.com\\\/#organization\"},\"potentialAction\":[{\"@type\":\"SearchAction\",\"target\":{\"@type\":\"EntryPoint\",\"urlTemplate\":\"https:\\\/\\\/solumdrinks.com\\\/?s={search_term_string}\"},\"query-input\":{\"@type\":\"PropertyValueSpecification\",\"valueRequired\":true,\"valueName\":\"search_term_string\"}}],\"inLanguage\":\"en-US\"},{\"@type\":\"Organization\",\"@id\":\"https:\\\/\\\/solumdrinks.com\\\/#organization\",\"name\":\"Solum\",\"url\":\"https:\\\/\\\/solumdrinks.com\\\/\",\"logo\":{\"@type\":\"ImageObject\",\"inLanguage\":\"en-US\",\"@id\":\"https:\\\/\\\/solumdrinks.com\\\/#\\\/schema\\\/logo\\\/image\\\/\",\"url\":\"https:\\\/\\\/solumdrinks.com\\\/wp-content\\\/uploads\\\/2024\\\/04\\\/cropped-logogrande.png\",\"contentUrl\":\"https:\\\/\\\/solumdrinks.com\\\/wp-content\\\/uploads\\\/2024\\\/04\\\/cropped-logogrande.png\",\"width\":485,\"height\":88,\"caption\":\"Solum\"},\"image\":{\"@id\":\"https:\\\/\\\/solumdrinks.com\\\/#\\\/schema\\\/logo\\\/image\\\/\"}}]}<\/script>\n<!-- \/ Yoast SEO plugin. -->","yoast_head_json":{"title":"Nuestro Equipo - Solum","description":"Nuestro objetivo es producir alimentos de la manera m\u00e1s natural posible. Conoce qui\u00e9n esta detr\u00e1s de Solum...","robots":{"index":"index","follow":"follow","max-snippet":"max-snippet:-1","max-image-preview":"max-image-preview:large","max-video-preview":"max-video-preview:-1"},"canonical":"https:\/\/solumdrinks.com\/en\/nuestro-equipo\/","og_locale":"en_US","og_type":"article","og_title":"Nuestro Equipo - Solum","og_description":"Nuestro objetivo es producir alimentos de la manera m\u00e1s natural posible. Conoce qui\u00e9n esta detr\u00e1s de Solum...","og_url":"https:\/\/solumdrinks.com\/en\/nuestro-equipo\/","og_site_name":"Solum","article_modified_time":"2024-08-21T19:57:27+00:00","og_image":[{"width":69,"height":66,"url":"https:\/\/solumdrinks.com\/wp-content\/uploads\/2024\/04\/Vectors.png","type":"image\/png"}],"twitter_card":"summary_large_image","twitter_misc":{"Est. reading time":"1 minute"},"schema":{"@context":"https:\/\/schema.org","@graph":[{"@type":"WebPage","@id":"https:\/\/solumdrinks.com\/nuestro-equipo\/","url":"https:\/\/solumdrinks.com\/nuestro-equipo\/","name":"Nuestro Equipo - Solum","isPartOf":{"@id":"https:\/\/solumdrinks.com\/#website"},"datePublished":"2024-04-10T19:21:55+00:00","dateModified":"2024-08-21T19:57:27+00:00","description":"Nuestro objetivo es producir alimentos de la manera m\u00e1s natural posible. Conoce qui\u00e9n esta detr\u00e1s de Solum...","breadcrumb":{"@id":"https:\/\/solumdrinks.com\/nuestro-equipo\/#breadcrumb"},"inLanguage":"en-US","potentialAction":[{"@type":"ReadAction","target":["https:\/\/solumdrinks.com\/nuestro-equipo\/"]}]},{"@type":"BreadcrumbList","@id":"https:\/\/solumdrinks.com\/nuestro-equipo\/#breadcrumb","itemListElement":[{"@type":"ListItem","position":1,"name":"Home","item":"https:\/\/solumdrinks.com\/"},{"@type":"ListItem","position":2,"name":"Nuestro Equipo"}]},{"@type":"WebSite","@id":"https:\/\/solumdrinks.com\/#website","url":"https:\/\/solumdrinks.com\/","name":"Solum","description":"Sabor aut\u00e9ntico de c\u00e1scara de caf\u00e9 Antioxidantes + cafe\u00edna natural Upcycling &#x1f504; Sin complicaciones, solo lo mejor de la naturaleza en tu vaso.","publisher":{"@id":"https:\/\/solumdrinks.com\/#organization"},"potentialAction":[{"@type":"SearchAction","target":{"@type":"EntryPoint","urlTemplate":"https:\/\/solumdrinks.com\/?s={search_term_string}"},"query-input":{"@type":"PropertyValueSpecification","valueRequired":true,"valueName":"search_term_string"}}],"inLanguage":"en-US"},{"@type":"Organization","@id":"https:\/\/solumdrinks.com\/#organization","name":"Solum","url":"https:\/\/solumdrinks.com\/","logo":{"@type":"ImageObject","inLanguage":"en-US","@id":"https:\/\/solumdrinks.com\/#\/schema\/logo\/image\/","url":"https:\/\/solumdrinks.com\/wp-content\/uploads\/2024\/04\/cropped-logogrande.png","contentUrl":"https:\/\/solumdrinks.com\/wp-content\/uploads\/2024\/04\/cropped-logogrande.png","width":485,"height":88,"caption":"Solum"},"image":{"@id":"https:\/\/solumdrinks.com\/#\/schema\/logo\/image\/"}}]}},"_links":{"self":[{"href":"https:\/\/solumdrinks.com\/en\/wp-json\/wp\/v2\/pages\/554","targetHints":{"allow":["GET"]}}],"collection":[{"href":"https:\/\/solumdrinks.com\/en\/wp-json\/wp\/v2\/pages"}],"about":[{"href":"https:\/\/solumdrinks.com\/en\/wp-json\/wp\/v2\/types\/page"}],"author":[{"embeddable":true,"href":"https:\/\/solumdrinks.com\/en\/wp-json\/wp\/v2\/users\/2"}],"replies":[{"embeddable":true,"href":"https:\/\/solumdrinks.com\/en\/wp-json\/wp\/v2\/comments?post=554"}],"version-history":[{"count":5,"href":"https:\/\/solumdrinks.com\/en\/wp-json\/wp\/v2\/pages\/554\/revisions"}],"predecessor-version":[{"id":1560,"href":"https:\/\/solumdrinks.com\/en\/wp-json\/wp\/v2\/pages\/554\/revisions\/1560"}],"wp:attachment":[{"href":"https:\/\/solumdrinks.com\/en\/wp-json\/wp\/v2\/media?parent=554"}],"curies":[{"name":"wp","href":"https:\/\/api.w.org\/{rel}","templated":true}]}}