{"id":1270,"date":"2024-04-22T03:25:20","date_gmt":"2024-04-22T03:25:20","guid":{"rendered":"https:\/\/solumdrinks.com\/?page_id=1270"},"modified":"2026-04-21T01:59:58","modified_gmt":"2026-04-21T01:59:58","slug":"reporte-de-sostenibilidad","status":"publish","type":"page","link":"https:\/\/solumdrinks.com\/en\/reporte-de-sostenibilidad\/","title":{"rendered":"Reporte de sostenibilidad"},"content":{"rendered":"<div data-elementor-type=\"wp-page\" data-elementor-id=\"1270\" class=\"elementor elementor-1270\" data-elementor-post-type=\"page\">\n\t\t\t\t<div class=\"elementor-element elementor-element-5355ec8 e-flex e-con-boxed e-con e-parent\" data-id=\"5355ec8\" data-element_type=\"container\" data-e-type=\"container\" data-settings=\"{&quot;background_background&quot;:&quot;classic&quot;}\">\n\t\t\t\t\t<div class=\"e-con-inner\">\n\t\t\t\t<div class=\"elementor-element elementor-element-f2cdd5b elementor-widget elementor-widget-heading\" data-id=\"f2cdd5b\" data-element_type=\"widget\" data-e-type=\"widget\" data-widget_type=\"heading.default\">\n\t\t\t\t<div class=\"elementor-widget-container\">\n\t\t\t\t\t<h2 class=\"elementor-heading-title elementor-size-default\">Reporte de <br>sostenibilidad <\/h2>\t\t\t\t<\/div>\n\t\t\t\t<\/div>\n\t\t\t\t\t<\/div>\n\t\t\t\t<\/div>\n\t\t<div class=\"elementor-element elementor-element-f7fb079 e-flex e-con-boxed e-con e-parent\" data-id=\"f7fb079\" data-element_type=\"container\" data-e-type=\"container\">\n\t\t\t\t\t<div class=\"e-con-inner\">\n\t\t<div class=\"elementor-element elementor-element-dbc3f69 e-con-full e-flex e-con e-child\" data-id=\"dbc3f69\" data-element_type=\"container\" data-e-type=\"container\">\n\t\t\t\t<div class=\"elementor-element elementor-element-dc58572 elementor-widget elementor-widget-text-editor\" data-id=\"dc58572\" data-element_type=\"widget\" data-e-type=\"widget\" data-widget_type=\"text-editor.default\">\n\t\t\t\t<div class=\"elementor-widget-container\">\n\t\t\t\t\t\t\t\t\t<div class=\"_df_thumb\" id=\"df_1280\"  _slug=\"reporte-de-sostenibilidad-2023\" data-title=\"reporte-de-sostenibilidad-2022\" wpoptions=\"true\" thumb=\"https:\/\/solumdrinks.com\/wp-content\/uploads\/2024\/04\/galeria002.jpg\" thumbtype=\"\" >Sustainability report 2022<\/div><script class=\"df-shortcode-script\" nowprocket type=\"application\/javascript\">window.option_df_1280 = {\"outline\":[],\"autoEnableOutline\":\"false\",\"autoEnableThumbnail\":\"false\",\"overwritePDFOutline\":\"false\",\"direction\":\"1\",\"pageSize\":\"0\",\"source\":\"https:\\\/\\\/solumdrinks.com\\\/wp-content\\\/uploads\\\/2024\\\/04\\\/Reporte-BIC-2023-para-el-ano-2022.pdf\",\"wpOptions\":\"true\"}; if(window.DFLIP && window.DFLIP.parseBooks){window.DFLIP.parseBooks();}<\/script><div class=\"_df_thumb\" id=\"df_1569\"  _slug=\"reporte-de-sostenibilidad-2023-2\" data-title=\"reporte-de-sostenibilidad-2023\" wpoptions=\"true\" thumb=\"https:\/\/solumdrinks.com\/wp-content\/uploads\/2024\/04\/galeria006.jpg\" thumbtype=\"\" >Sustainability report 2023<\/div><script class=\"df-shortcode-script\" nowprocket type=\"application\/javascript\">window.option_df_1569 = {\"outline\":[],\"autoEnableOutline\":\"false\",\"autoEnableThumbnail\":\"false\",\"overwritePDFOutline\":\"false\",\"direction\":\"1\",\"pageSize\":\"0\",\"source\":\"https:\\\/\\\/solumdrinks.com\\\/wp-content\\\/uploads\\\/2024\\\/08\\\/BIC_Sustainability-Report-2024-para-el-ano-2023.pdf\",\"wpOptions\":\"true\"}; if(window.DFLIP && window.DFLIP.parseBooks){window.DFLIP.parseBooks();}<\/script><div class=\"_df_thumb\" id=\"df_2320\"  _slug=\"reporte-de-sostenibilidad-2024\" data-title=\"reporte-de-sostenibilidad-2024\" wpoptions=\"true\" thumb=\"https:\/\/solumdrinks.com\/wp-content\/uploads\/2024\/08\/DSC9746-2000px.jpg\" thumbtype=\"\" >Reporte de sostenibilidad 2024<\/div><script class=\"df-shortcode-script\" nowprocket type=\"application\/javascript\">window.option_df_2320 = {\"outline\":[],\"autoEnableOutline\":\"false\",\"autoEnableThumbnail\":\"false\",\"overwritePDFOutline\":\"false\",\"direction\":\"1\",\"pageSize\":\"0\",\"source\":\"https:\\\/\\\/solumdrinks.com\\\/wp-content\\\/uploads\\\/2026\\\/04\\\/BIC_Sustainability-Report-2025-para-el-ano-2024.pdf\",\"wpOptions\":\"true\"}; if(window.DFLIP && window.DFLIP.parseBooks){window.DFLIP.parseBooks();}<\/script>\t\t\t\t\t\t\t\t<\/div>\n\t\t\t\t<\/div>\n\t\t\t\t<\/div>\n\t\t\t\t\t<\/div>\n\t\t\t\t<\/div>\n\t\t\t\t<\/div>","protected":false},"excerpt":{"rendered":"<p>Reporte de sostenibilidad<\/p>","protected":false},"author":2,"featured_media":0,"parent":0,"menu_order":0,"comment_status":"closed","ping_status":"closed","template":"elementor_header_footer","meta":{"om_disable_all_campaigns":false,"_monsterinsights_skip_tracking":false,"_monsterinsights_sitenote_active":false,"_monsterinsights_sitenote_note":"","_monsterinsights_sitenote_category":0,"_joinchat":[],"footnotes":""},"class_list":["post-1270","page","type-page","status-publish","hentry"],"yoast_head":"<!-- This site is optimized with the Yoast SEO plugin v27.3 - https:\/\/yoast.com\/product\/yoast-seo-wordpress\/ -->\n<title>Reporte de sostenibilidad - Solum<\/title>\n<meta name=\"robots\" content=\"index, follow, max-snippet:-1, max-image-preview:large, max-video-preview:-1\" \/>\n<link rel=\"canonical\" href=\"https:\/\/solumdrinks.com\/en\/reporte-de-sostenibilidad\/\" \/>\n<meta property=\"og:locale\" content=\"en_US\" \/>\n<meta property=\"og:type\" content=\"article\" \/>\n<meta property=\"og:title\" content=\"Reporte de sostenibilidad - Solum\" \/>\n<meta property=\"og:description\" content=\"Reporte de sostenibilidad\" \/>\n<meta property=\"og:url\" content=\"https:\/\/solumdrinks.com\/en\/reporte-de-sostenibilidad\/\" \/>\n<meta property=\"og:site_name\" content=\"Solum\" \/>\n<meta property=\"article:modified_time\" content=\"2026-04-21T01:59:58+00:00\" \/>\n<meta property=\"og:image\" content=\"https:\/\/solumdrinks.com\/wp-content\/uploads\/2024\/04\/Vectors.png\" \/>\n\t<meta property=\"og:image:width\" content=\"69\" \/>\n\t<meta property=\"og:image:height\" content=\"66\" \/>\n\t<meta property=\"og:image:type\" content=\"image\/png\" \/>\n<meta name=\"twitter:card\" content=\"summary_large_image\" \/>\n<meta name=\"twitter:label1\" content=\"Est. reading time\" \/>\n\t<meta name=\"twitter:data1\" content=\"1 minute\" \/>\n<script type=\"application\/ld+json\" class=\"yoast-schema-graph\">{\"@context\":\"https:\\\/\\\/schema.org\",\"@graph\":[{\"@type\":\"WebPage\",\"@id\":\"https:\\\/\\\/solumdrinks.com\\\/reporte-de-sostenibilidad\\\/\",\"url\":\"https:\\\/\\\/solumdrinks.com\\\/reporte-de-sostenibilidad\\\/\",\"name\":\"Reporte de sostenibilidad - Solum\",\"isPartOf\":{\"@id\":\"https:\\\/\\\/solumdrinks.com\\\/#website\"},\"datePublished\":\"2024-04-22T03:25:20+00:00\",\"dateModified\":\"2026-04-21T01:59:58+00:00\",\"breadcrumb\":{\"@id\":\"https:\\\/\\\/solumdrinks.com\\\/reporte-de-sostenibilidad\\\/#breadcrumb\"},\"inLanguage\":\"en-US\",\"potentialAction\":[{\"@type\":\"ReadAction\",\"target\":[\"https:\\\/\\\/solumdrinks.com\\\/reporte-de-sostenibilidad\\\/\"]}]},{\"@type\":\"BreadcrumbList\",\"@id\":\"https:\\\/\\\/solumdrinks.com\\\/reporte-de-sostenibilidad\\\/#breadcrumb\",\"itemListElement\":[{\"@type\":\"ListItem\",\"position\":1,\"name\":\"Home\",\"item\":\"https:\\\/\\\/solumdrinks.com\\\/\"},{\"@type\":\"ListItem\",\"position\":2,\"name\":\"Reporte de sostenibilidad\"}]},{\"@type\":\"WebSite\",\"@id\":\"https:\\\/\\\/solumdrinks.com\\\/#website\",\"url\":\"https:\\\/\\\/solumdrinks.com\\\/\",\"name\":\"Solum\",\"description\":\"Sabor aut\u00e9ntico de c\u00e1scara de caf\u00e9 Antioxidantes + cafe\u00edna natural Upcycling &#x1f504; Sin complicaciones, solo lo mejor de la naturaleza en tu vaso.\",\"publisher\":{\"@id\":\"https:\\\/\\\/solumdrinks.com\\\/#organization\"},\"potentialAction\":[{\"@type\":\"SearchAction\",\"target\":{\"@type\":\"EntryPoint\",\"urlTemplate\":\"https:\\\/\\\/solumdrinks.com\\\/?s={search_term_string}\"},\"query-input\":{\"@type\":\"PropertyValueSpecification\",\"valueRequired\":true,\"valueName\":\"search_term_string\"}}],\"inLanguage\":\"en-US\"},{\"@type\":\"Organization\",\"@id\":\"https:\\\/\\\/solumdrinks.com\\\/#organization\",\"name\":\"Solum\",\"url\":\"https:\\\/\\\/solumdrinks.com\\\/\",\"logo\":{\"@type\":\"ImageObject\",\"inLanguage\":\"en-US\",\"@id\":\"https:\\\/\\\/solumdrinks.com\\\/#\\\/schema\\\/logo\\\/image\\\/\",\"url\":\"https:\\\/\\\/solumdrinks.com\\\/wp-content\\\/uploads\\\/2024\\\/04\\\/cropped-logogrande.png\",\"contentUrl\":\"https:\\\/\\\/solumdrinks.com\\\/wp-content\\\/uploads\\\/2024\\\/04\\\/cropped-logogrande.png\",\"width\":485,\"height\":88,\"caption\":\"Solum\"},\"image\":{\"@id\":\"https:\\\/\\\/solumdrinks.com\\\/#\\\/schema\\\/logo\\\/image\\\/\"}}]}<\/script>\n<!-- \/ Yoast SEO plugin. -->","yoast_head_json":{"title":"Reporte de sostenibilidad - Solum","robots":{"index":"index","follow":"follow","max-snippet":"max-snippet:-1","max-image-preview":"max-image-preview:large","max-video-preview":"max-video-preview:-1"},"canonical":"https:\/\/solumdrinks.com\/en\/reporte-de-sostenibilidad\/","og_locale":"en_US","og_type":"article","og_title":"Reporte de sostenibilidad - Solum","og_description":"Reporte de sostenibilidad","og_url":"https:\/\/solumdrinks.com\/en\/reporte-de-sostenibilidad\/","og_site_name":"Solum","article_modified_time":"2026-04-21T01:59:58+00:00","og_image":[{"width":69,"height":66,"url":"https:\/\/solumdrinks.com\/wp-content\/uploads\/2024\/04\/Vectors.png","type":"image\/png"}],"twitter_card":"summary_large_image","twitter_misc":{"Est. reading time":"1 minute"},"schema":{"@context":"https:\/\/schema.org","@graph":[{"@type":"WebPage","@id":"https:\/\/solumdrinks.com\/reporte-de-sostenibilidad\/","url":"https:\/\/solumdrinks.com\/reporte-de-sostenibilidad\/","name":"Reporte de sostenibilidad - Solum","isPartOf":{"@id":"https:\/\/solumdrinks.com\/#website"},"datePublished":"2024-04-22T03:25:20+00:00","dateModified":"2026-04-21T01:59:58+00:00","breadcrumb":{"@id":"https:\/\/solumdrinks.com\/reporte-de-sostenibilidad\/#breadcrumb"},"inLanguage":"en-US","potentialAction":[{"@type":"ReadAction","target":["https:\/\/solumdrinks.com\/reporte-de-sostenibilidad\/"]}]},{"@type":"BreadcrumbList","@id":"https:\/\/solumdrinks.com\/reporte-de-sostenibilidad\/#breadcrumb","itemListElement":[{"@type":"ListItem","position":1,"name":"Home","item":"https:\/\/solumdrinks.com\/"},{"@type":"ListItem","position":2,"name":"Reporte de sostenibilidad"}]},{"@type":"WebSite","@id":"https:\/\/solumdrinks.com\/#website","url":"https:\/\/solumdrinks.com\/","name":"Solum","description":"Sabor aut\u00e9ntico de c\u00e1scara de caf\u00e9 Antioxidantes + cafe\u00edna natural Upcycling &#x1f504; Sin complicaciones, solo lo mejor de la naturaleza en tu vaso.","publisher":{"@id":"https:\/\/solumdrinks.com\/#organization"},"potentialAction":[{"@type":"SearchAction","target":{"@type":"EntryPoint","urlTemplate":"https:\/\/solumdrinks.com\/?s={search_term_string}"},"query-input":{"@type":"PropertyValueSpecification","valueRequired":true,"valueName":"search_term_string"}}],"inLanguage":"en-US"},{"@type":"Organization","@id":"https:\/\/solumdrinks.com\/#organization","name":"Solum","url":"https:\/\/solumdrinks.com\/","logo":{"@type":"ImageObject","inLanguage":"en-US","@id":"https:\/\/solumdrinks.com\/#\/schema\/logo\/image\/","url":"https:\/\/solumdrinks.com\/wp-content\/uploads\/2024\/04\/cropped-logogrande.png","contentUrl":"https:\/\/solumdrinks.com\/wp-content\/uploads\/2024\/04\/cropped-logogrande.png","width":485,"height":88,"caption":"Solum"},"image":{"@id":"https:\/\/solumdrinks.com\/#\/schema\/logo\/image\/"}}]}},"_links":{"self":[{"href":"https:\/\/solumdrinks.com\/en\/wp-json\/wp\/v2\/pages\/1270","targetHints":{"allow":["GET"]}}],"collection":[{"href":"https:\/\/solumdrinks.com\/en\/wp-json\/wp\/v2\/pages"}],"about":[{"href":"https:\/\/solumdrinks.com\/en\/wp-json\/wp\/v2\/types\/page"}],"author":[{"embeddable":true,"href":"https:\/\/solumdrinks.com\/en\/wp-json\/wp\/v2\/users\/2"}],"replies":[{"embeddable":true,"href":"https:\/\/solumdrinks.com\/en\/wp-json\/wp\/v2\/comments?post=1270"}],"version-history":[{"count":11,"href":"https:\/\/solumdrinks.com\/en\/wp-json\/wp\/v2\/pages\/1270\/revisions"}],"predecessor-version":[{"id":2328,"href":"https:\/\/solumdrinks.com\/en\/wp-json\/wp\/v2\/pages\/1270\/revisions\/2328"}],"wp:attachment":[{"href":"https:\/\/solumdrinks.com\/en\/wp-json\/wp\/v2\/media?parent=1270"}],"curies":[{"name":"wp","href":"https:\/\/api.w.org\/{rel}","templated":true}]}}